{"id":2101,"date":"2024-06-25T08:55:21","date_gmt":"2024-06-25T08:55:21","guid":{"rendered":"https:\/\/falkin.nl\/strassenschilder\/"},"modified":"2024-10-25T09:24:15","modified_gmt":"2024-10-25T09:24:15","slug":"strassenschilder","status":"publish","type":"page","link":"https:\/\/falkin.nl\/de\/produkte\/schilder\/strassenschilder\/","title":{"rendered":"Stra\u00dfenschilder"},"content":{"rendered":"<div class=\"wpb-content-wrapper\"><p>[vc_section full_width=&#8220;stretch_row&#8220; el_class=&#8220;blue-gradient&#8220; conditional_render=&#8220;%5B%7B%22value_role%22%3A%22administrator%22%7D%5D&#8220; css=&#8220;.vc_custom_1719583350510{margin-top: -50px !important;margin-bottom: 0px !important;padding-top: 250px !important;padding-right: 30px !important;padding-bottom: 100px !important;padding-left: 30px !important;}&#8220;][vc_row wrap_container=&#8220;yes&#8220; conditional_render=&#8220;%5B%7B%22value_role%22%3A%22administrator%22%7D%5D&#8220;][vc_column width=&#8220;1\/6&#8243;][\/vc_column][vc_column width=&#8220;2\/3&#8243;][vc_custom_heading text=&#8220;Stra\u00dfenschilder&#8220; font_container=&#8220;tag:h1|text_align:left|color:var(&#8211;porto-tertiary-color)&#8220; use_theme_fonts=&#8220;yes&#8220; css=&#8220;.vc_custom_1719928395931{margin-bottom: 25px !important;}&#8220; el_class=&#8220;header-title&#8220;][vc_column_text css=&#8220;.vc_custom_1726667244411{margin-bottom: 15px !important;}&#8220;]<\/p>\n<div class=\"wpb_text_column wpb_content_element \">\n<div class=\"wpb_wrapper\">\n<div class=\"default-style\">\n<h3><span style=\"color: #ffffff; font-size: 24px;\"><strong><br \/> Eine intelligente und kosteng\u00fcnstige M\u00f6glichkeit, Regeln und Informationen auf Ihrer Website zu kommunizieren.<\/strong><\/span><\/h3>\n<div class=\"wpb_text_column wpb_content_element wpb_custom_50aa502b5377a339d063777c6d3c0544\">\n<p><span style=\"color: #ffffff;\"><strong>Dibond 3 oder 6<\/strong><strong>mm<\/strong><\/span><\/p>\n<div class=\"wpb_wrapper\">\n<p><span style=\"color: #ffffff;\">Dibond-Paneel mit Aluminiumkern und wei\u00dfer Deckschicht und sehr gut f\u00fcr den Au\u00dfenbereich geeignet.<\/span><br \/>\n<span style=\"color: #ffffff;\">Wir drucken alles direkt auf die Platte und als letzten Schliff werden die Schilder zus\u00e4tzlich mit einer sch\u00fctzenden Glanzschicht (nicht reflektierend) \u00fcberzogen.<\/span><\/p>\n<div><\/div>\n<\/div>\n<\/div>\n<\/div>\n<\/div>\n<\/div>\n<p>[\/vc_column_text][\/vc_column][vc_column width=&#8220;1\/6&#8243;][\/vc_column][\/vc_row][\/vc_section][vc_row full_width_css=&#8220;stretch_row_content_no_spaces_css&#8220; full_width=&#8220;stretch_row_content_no_spaces&#8220; css=&#8220;.vc_custom_1719487025522{margin-top: 0px !important;margin-right: 0px !important;margin-bottom: 0px !important;margin-left: 0px !important;padding-top: 0px !important;padding-right: 0px !important;padding-bottom: 0px !important;padding-left: 0px !important;background-color: var(&#8211;porto-secondary-color) !important;}&#8220; conditional_render=&#8220;%5B%7B%22value_role%22%3A%22administrator%22%7D%5D&#8220;][vc_column css=&#8220;.vc_custom_1719318870498{margin-top: 0px !important;margin-right: 0px !important;margin-bottom: 0px !important;margin-left: 0px !important;padding-top: 0px !important;padding-right: 0px !important;padding-bottom: 0px !important;padding-left: 0px !important;}&#8220; conditional_render=&#8220;%5B%7B%22value_role%22%3A%22administrator%22%7D%5D&#8220;]<div class=\"porto-carousel owl-carousel has-ccols ccols-xl-3 ccols-lg-3 ccols-md-3 ccols-sm-2 ccols-1 wpb_custom_2c1c45c292526ccd71e4170c056d3ae0\" data-plugin-options=\"{&quot;themeConfig&quot;:true,&quot;stagePadding&quot;:0,&quot;margin&quot;:0,&quot;autoplay&quot;:&quot;yes&quot;,&quot;mouseDrag&quot;:false,&quot;touchDrag&quot;:false,&quot;autoplayTimeout&quot;:5000,&quot;autoplayHoverPause&quot;:false,&quot;items&quot;:3,&quot;xl&quot;:3,&quot;lg&quot;:3,&quot;md&quot;:3,&quot;sm&quot;:2,&quot;xs&quot;:1,&quot;nav&quot;:false,&quot;dots&quot;:false,&quot;animateIn&quot;:&quot;&quot;,&quot;animateOut&quot;:&quot;&quot;,&quot;loop&quot;:&quot;yes&quot;,&quot;center&quot;:&quot;yes&quot;,&quot;video&quot;:false,&quot;lazyLoad&quot;:false,&quot;fullscreen&quot;:false}\">[vc_single_image image=&#8220;1492&#8243; img_size=&#8220;full&#8220; css=&#8220;&#8220;][vc_single_image image=&#8220;1493&#8243; img_size=&#8220;full&#8220; css=&#8220;&#8220;][vc_single_image image=&#8220;1494&#8243; img_size=&#8220;full&#8220; css=&#8220;&#8220;][vc_single_image image=&#8220;1499&#8243; img_size=&#8220;full&#8220; css=&#8220;&#8220;]<\/div>[\/vc_column][\/vc_row][vc_section full_width=&#8220;stretch_row&#8220; css=&#8220;.vc_custom_1719583314320{padding-top: 50px !important;padding-right: 30px !important;padding-bottom: 75px !important;padding-left: 30px !important;background-color: var(&#8211;porto-secondary-color) !important;}&#8220; conditional_render=&#8220;%5B%7B%22value_role%22%3A%22administrator%22%7D%5D&#8220;][vc_row wrap_container=&#8220;yes&#8220; conditional_render=&#8220;%5B%7B%22value_role%22%3A%22administrator%22%7D%5D&#8220;][vc_column width=&#8220;1\/6&#8243;][\/vc_column][vc_column width=&#8220;2\/3&#8243;]<div class=\"porto-u-heading  wpb_custom_95aa9a11c17ad45cfabaf210d84ee7cc porto-u-3326  vc_custom_1726667953054\"><div class=\"porto-u-main-heading\"><h3  >Stra\u00dfenschilder<\/h3><\/div><div class=\"porto-u-sub-heading\" style=\"\">Untenstehende Preise f\u00fcr Dibond 3mm und 6mm.<br \/>  Abmessungen 400&#215;400 und 600x600mm.<br \/>  Andere Abmessungen auf Anfrage.<\/div><style>.porto-u-3326.porto-u-heading{text-align:left}<\/style><\/div>[vc_column_text css=&#8220;&#8220;]<\/p>\n<table width=\"448\">\n<tbody>\n<tr>\n<td colspan=\"3\" width=\"192\"><strong>DIBOND 3mm 400x400mm<\/strong><\/td>\n<td width=\"64\"><\/td>\n<td colspan=\"3\" width=\"192\"><strong>DIBOND 6mm 400x400mm<\/strong><\/td>\n<\/tr>\n<tr>\n<td><strong>Nummer<\/strong><\/td>\n<td><strong>Preis<\/strong><\/td>\n<td><strong>Einheit<\/strong><\/td>\n<td><\/td>\n<td><strong>Nummer<\/strong><\/td>\n<td><strong>Preis<\/strong><\/td>\n<td><strong>Einheit<\/strong><\/td>\n<\/tr>\n<tr>\n<td><strong>  1<\/strong><\/td>\n<td>  \u20ac 54,50<\/td>\n<td>pro St\u00fcck<\/td>\n<td><\/td>\n<td><strong>  1<\/strong><\/td>\n<td>  \u20ac 69,50<\/td>\n<td>pro St\u00fcck<\/td>\n<\/tr>\n<tr>\n<td><strong>  2<\/strong><\/td>\n<td>  \u20ac 27,50<\/td>\n<td>pro St\u00fcck<\/td>\n<td><\/td>\n<td><strong>  2<\/strong><\/td>\n<td>  \u20ac 35,00<\/td>\n<td>pro St\u00fcck<\/td>\n<\/tr>\n<tr>\n<td><strong>  3<\/strong><\/td>\n<td>  \u20ac 18,50<\/td>\n<td>pro St\u00fcck<\/td>\n<td><\/td>\n<td><strong>  3<\/strong><\/td>\n<td>  \u20ac 23,50<\/td>\n<td>pro St\u00fcck<\/td>\n<\/tr>\n<tr>\n<td><strong>  5<\/strong><\/td>\n<td>  \u20ac 16,00<\/td>\n<td>pro St\u00fcck<\/td>\n<td><\/td>\n<td><strong>  5<\/strong><\/td>\n<td>  \u20ac 21,00<\/td>\n<td>pro St\u00fcck<\/td>\n<\/tr>\n<tr>\n<td><strong>10<\/strong><\/td>\n<td>  \u20ac 15,00<\/td>\n<td>pro St\u00fcck<\/td>\n<td><\/td>\n<td><strong>10<\/strong><\/td>\n<td>  \u20ac 19,50<\/td>\n<td>pro St\u00fcck<\/td>\n<\/tr>\n<\/tbody>\n<\/table>\n<p>&nbsp;<\/p>\n<table width=\"448\">\n<tbody>\n<tr>\n<td colspan=\"3\" width=\"192\"><strong>DIBOND 3mm 600x600mm<\/strong><\/td>\n<td width=\"64\"><\/td>\n<td colspan=\"3\" width=\"192\"><strong>DIBOND 6mm 600x600mm<\/strong><\/td>\n<\/tr>\n<tr>\n<td><strong>Nummer<\/strong><\/td>\n<td><strong>Preis<\/strong><\/td>\n<td><strong>Einheit<\/strong><\/td>\n<td><\/td>\n<td><strong>Nummer<\/strong><\/td>\n<td><strong>Preis<\/strong><\/td>\n<td><strong>Einheit<\/strong><\/td>\n<\/tr>\n<tr>\n<td><strong>  1<\/strong><\/td>\n<td>  \u20ac 55,50<\/td>\n<td>pro St\u00fcck<\/td>\n<td><\/td>\n<td><strong>  1<\/strong><\/td>\n<td>  \u20ac 70,00<\/td>\n<td>pro St\u00fcck<\/td>\n<\/tr>\n<tr>\n<td><strong>  2<\/strong><\/td>\n<td>  \u20ac 28,00<\/td>\n<td>pro St\u00fcck<\/td>\n<td><\/td>\n<td><strong>  2<\/strong><\/td>\n<td>  \u20ac 47,50<\/td>\n<td>pro St\u00fcck<\/td>\n<\/tr>\n<tr>\n<td><strong>  3<\/strong><\/td>\n<td>  \u20ac 36,00<\/td>\n<td>pro St\u00fcck<\/td>\n<td><\/td>\n<td><strong>  3<\/strong><\/td>\n<td>  \u20ac 46,00<\/td>\n<td>pro St\u00fcck<\/td>\n<\/tr>\n<tr>\n<td><strong>  5<\/strong><\/td>\n<td>  \u20ac 35,00<\/td>\n<td>pro St\u00fcck<\/td>\n<td><\/td>\n<td><strong>  5<\/strong><\/td>\n<td>  \u20ac 45,00<\/td>\n<td>pro St\u00fcck<\/td>\n<\/tr>\n<tr>\n<td><strong>10<\/strong><\/td>\n<td>  \u20ac 33,00<\/td>\n<td>pro St\u00fcck<\/td>\n<td><\/td>\n<td><strong>10<\/strong><\/td>\n<td>  \u20ac 44,50<\/td>\n<td>pro St\u00fcck<\/td>\n<\/tr>\n<\/tbody>\n<\/table>\n<p><em>Die Zahlen k\u00f6nnen auch alle unterschiedliche Zeichen sein.<\/em>[\/vc_column_text][\/vc_column][vc_column width=&#8220;1\/6&#8243;][\/vc_column][\/vc_row][\/vc_section][vc_section full_width=&#8220;stretch_row&#8220; css=&#8220;.vc_custom_1719666293684{padding-top: 75px !important;padding-right: 30px !important;padding-bottom: 75px !important;padding-left: 30px !important;}&#8220; conditional_render=&#8220;%5B%7B%22value_role%22%3A%22administrator%22%7D%5D&#8220;][vc_row][vc_column width=&#8220;1\/2&#8243;][vc_single_image image=&#8220;1501&#8243; img_size=&#8220;full&#8220; onclick=&#8220;img_link_large&#8220; css=&#8220;&#8220;][\/vc_column][vc_column width=&#8220;1\/2&#8243;][vc_single_image image=&#8220;1502&#8243; img_size=&#8220;full&#8220; onclick=&#8220;img_link_large&#8220; css=&#8220;&#8220;][\/vc_column][\/vc_row][vc_row][vc_column width=&#8220;1\/2&#8243;][vc_single_image image=&#8220;1503&#8243; img_size=&#8220;full&#8220; onclick=&#8220;img_link_large&#8220; css=&#8220;&#8220;][\/vc_column][vc_column width=&#8220;1\/2&#8243;][vc_single_image image=&#8220;1504&#8243; img_size=&#8220;full&#8220; onclick=&#8220;img_link_large&#8220; css=&#8220;&#8220;][\/vc_column][\/vc_row][vc_row][vc_column width=&#8220;1\/2&#8243;][vc_single_image image=&#8220;1505&#8243; img_size=&#8220;full&#8220; onclick=&#8220;img_link_large&#8220; css=&#8220;&#8220;][\/vc_column][vc_column width=&#8220;1\/2&#8243;][vc_single_image image=&#8220;1506&#8243; img_size=&#8220;full&#8220; onclick=&#8220;img_link_large&#8220; css=&#8220;&#8220;][\/vc_column][\/vc_row][vc_row][vc_column width=&#8220;1\/2&#8243;][vc_single_image image=&#8220;1507&#8243; img_size=&#8220;full&#8220; onclick=&#8220;img_link_large&#8220; css=&#8220;&#8220;][\/vc_column][vc_column width=&#8220;1\/2&#8243;][vc_single_image image=&#8220;1508&#8243; img_size=&#8220;full&#8220; onclick=&#8220;img_link_large&#8220; css=&#8220;&#8220;][\/vc_column][\/vc_row][\/vc_section][vc_section full_width=&#8220;stretch_row&#8220; css=&#8220;.vc_custom_1719666377638{padding-top: 75px !important;padding-right: 30px !important;padding-bottom: 75px !important;padding-left: 30px !important;background-color: var(&#8211;porto-secondary-color) !important;}&#8220; conditional_render=&#8220;%5B%7B%22value_role%22%3A%22administrator%22%7D%5D&#8220;][vc_row wrap_container=&#8220;yes&#8220; conditional_render=&#8220;%5B%7B%22value_role%22%3A%22administrator%22%7D%5D&#8220;][vc_column width=&#8220;1\/3&#8243;]<div class=\"porto-u-heading  wpb_custom_95aa9a11c17ad45cfabaf210d84ee7cc porto-u-3026 \"><div class=\"porto-u-main-heading\"><h4   style=\"color:var(--porto-primary-color);\">Preise Verkehrsschilder<\/h4><\/div><div class=\"porto-u-sub-heading\" style=\"\">\n<div class=\"wpb_text_column wpb_content_element \">\n<div class=\"wpb_wrapper\">\n<ul>\n<li class=\"default-style\">Netto-St\u00fcckpreise<\/li>\n<li>Exklusive 21% Mehrwertsteuer<\/li>\n<li><strong>Inklusive<\/strong> Versandkosten<\/li>\n<li class=\"default-style\">Rechnung: nach Lieferung<\/li>\n<li class=\"default-style\">Zahlungsfrist: innerhalb von 14 Tagen<\/li>\n<\/ul>\n<\/div>\n<\/div>\n<p><\/div><style>.porto-u-3026.porto-u-heading{text-align:left}<\/style><\/div>[\/vc_column][vc_column width=&#8220;1\/3&#8243;]<div class=\"porto-u-heading  wpb_custom_95aa9a11c17ad45cfabaf210d84ee7cc porto-u-4265 \"><div class=\"porto-u-main-heading\"><h4   style=\"color:var(--porto-primary-color);\">Unsere Arbeitsmethode<\/h4><\/div><div class=\"porto-u-sub-heading\" style=\"\">\n<div class=\"wpb_text_column wpb_content_element \">\n<div class=\"wpb_wrapper\">\n<p> S<strong>enden Sie uns eine E-Mail an<\/strong>: info@falkin.nl oder \u00fcber den unten stehenden Link<\/p>\n<ul>\n<li>die Nummer<\/li>\n<li>Modellschilder<\/li>\n<li>Lieferadresse<\/li>\n<\/ul>\n<\/div>\n<\/div>\n<p><\/div><style>.porto-u-4265.porto-u-heading{text-align:left}<\/style><\/div>[\/vc_column][vc_column width=&#8220;1\/3&#8243;]<div class=\"porto-u-heading  wpb_custom_95aa9a11c17ad45cfabaf210d84ee7cc porto-u-2038 \"><div class=\"porto-u-main-heading\"><h4   style=\"color:var(--porto-primary-color);\">Stra\u00dfenkarte<\/h4><\/div><style>.porto-u-2038.porto-u-heading{text-align:left}<\/style><\/div><div class=\"porto-sicon-box  wpb_custom_1b534e04266c65799a4ba0a321045efd style_1 default-icon\"><div class=\"porto-sicon-default\"><div class=\"porto-just-icon-wrapper porto-icon circle\" style=\"color:var(--porto-primary-light-5);background:#d9e5f3;font-size:18px;\"><i class=\"fas fa-check\"><\/i><\/div><\/div><div class=\"porto-sicon-header\"><h6 class=\"porto-sicon-title\" style=\"\">Inventar &amp; Angebot<\/h6><\/div> <!-- header --><\/div><!-- porto-sicon-box --><div class=\"porto-sicon-box  wpb_custom_1b534e04266c65799a4ba0a321045efd style_1 default-icon\"><div class=\"porto-sicon-default\"><div class=\"porto-just-icon-wrapper porto-icon circle\" style=\"color:var(--porto-primary-light-5);background:#d9e5f3;font-size:18px;\"><i class=\"fas fa-check\"><\/i><\/div><\/div><div class=\"porto-sicon-header\"><h6 class=\"porto-sicon-title\" style=\"\">Entwurf<\/h6><\/div> <!-- header --><\/div><!-- porto-sicon-box --><div class=\"porto-sicon-box  wpb_custom_1b534e04266c65799a4ba0a321045efd style_1 default-icon\"><div class=\"porto-sicon-default\"><div class=\"porto-just-icon-wrapper porto-icon circle\" style=\"color:var(--porto-primary-light-5);background:#d9e5f3;font-size:18px;\"><i class=\"fas fa-check\"><\/i><\/div><\/div><div class=\"porto-sicon-header\"><h6 class=\"porto-sicon-title\" style=\"\">Produktion<\/h6><\/div> <!-- header --><\/div><!-- porto-sicon-box --><div class=\"porto-sicon-box  wpb_custom_1b534e04266c65799a4ba0a321045efd style_1 default-icon\"><div class=\"porto-sicon-default\"><div class=\"porto-just-icon-wrapper porto-icon circle\" style=\"color:var(--porto-primary-light-5);background:#d9e5f3;font-size:18px;\"><i class=\"fas fa-check\"><\/i><\/div><\/div><div class=\"porto-sicon-header\"><h6 class=\"porto-sicon-title\" style=\"\">Lieferung<\/h6><\/div> <!-- header --><\/div><!-- porto-sicon-box --><div class=\"porto-sicon-box  wpb_custom_1b534e04266c65799a4ba0a321045efd style_1 default-icon\"><div class=\"porto-sicon-default\"><div class=\"porto-just-icon-wrapper porto-icon circle\" style=\"color:var(--porto-primary-light-5);background:#d9e5f3;font-size:18px;\"><i class=\"fas fa-check\"><\/i><\/div><\/div><div class=\"porto-sicon-header\"><h6 class=\"porto-sicon-title\" style=\"\">Rechnungsstellung<\/h6><\/div> <!-- header --><\/div><!-- porto-sicon-box -->[\/vc_column][\/vc_row][\/vc_section][vc_section full_width=&#8220;stretch_row&#8220; conditional_render=&#8220;%5B%7B%22value_role%22%3A%22administrator%22%7D%5D&#8220; el_class=&#8220;blue-gradient&#8220; css=&#8220;.vc_custom_1719582781363{margin-bottom: -50px !important;padding-top: 125px !important;padding-bottom: 125px !important;}&#8220;][vc_row full_width_css=&#8220;stretch_row_css&#8220; wrap_container=&#8220;yes&#8220; conditional_render=&#8220;%5B%7B%22value_role%22%3A%22administrator%22%7D%5D&#8220;][vc_column][vc_custom_heading text=&#8220;Fragen Sie uns nach einem unverbindlichen Preis.&#8220; font_container=&#8220;tag:h3|text_align:center|color:var(&#8211;porto-light-color)&#8220; use_theme_fonts=&#8220;yes&#8220; css=&#8220;.vc_custom_1719512582025{margin-bottom: 25px !important;}&#8220;][vc_column_text css=&#8220;&#8220; text_color=&#8220;var(&#8211;porto-light-color)&#8220;]<\/p>\n<p style=\"text-align: center;\">M\u00f6chten Sie einen unverbindlichen Preis erhalten? Wir helfen Ihnen gerne weiter. <\/p>\n<p>[\/vc_column_text][vc_btn title=&#8220;Kontakt aufnehmen&#8220; shape=&#8220;round&#8220; color=&#8220;white&#8220; size=&#8220;lg&#8220; align=&#8220;center&#8220; css=&#8220;.vc_custom_1719492202280{margin-bottom: 15px !important;}&#8220; btn_fs=&#8220;14&#8243; btn_fw=&#8220;400&#8243; link=&#8220;url:https%3A%2F%2Ffalkin.nl%2Fcontact%2F|title:Bereich%20Werbung|&#8220; btn_px=&#8220;25px&#8220; btn_py=&#8220;15px&#8220;][\/vc_column][\/vc_row][\/vc_section]<\/p>\n<\/div>","protected":false},"excerpt":{"rendered":"<p>[vc_section full_width=&#8220;stretch_row&#8220; el_class=&#8220;blue-gradient&#8220; conditional_render=&#8220;%5B%7B%22value_role%22%3A%22administrator%22%7D%5D&#8220; css=&#8220;.vc_custom_1719583350510{margin-top: -50px !important;margin-bottom: 0px !important;padding-top: 250px !important;padding-right: 30px !important;padding-bottom: 100px !important;padding-left: 30px !important;}&#8220;][vc_row wrap_container=&#8220;yes&#8220; conditional_render=&#8220;%5B%7B%22value_role%22%3A%22administrator%22%7D%5D&#8220;][vc_column width=&#8220;1\/6&#8243;][\/vc_column][vc_column width=&#8220;2\/3&#8243;][vc_custom_heading text=&#8220;Stra\u00dfenschilder&#8220; font_container=&#8220;tag:h1|text_align:left|color:var(&#8211;porto-tertiary-color)&#8220; use_theme_fonts=&#8220;yes&#8220; css=&#8220;.vc_custom_1719928395931{margin-bottom: 25px !important;}&#8220; el_class=&#8220;header-title&#8220;][vc_column_text css=&#8220;.vc_custom_1726667244411{margin-bottom: 15px !important;}&#8220;] Eine intelligente und kosteng\u00fcnstige M\u00f6glichkeit, Regeln und Informationen auf Ihrer Website zu kommunizieren. Dibond 3 oder 6mm Dibond-Paneel mit Aluminiumkern und wei\u00dfer Deckschicht und [&hellip;]<\/p>\n","protected":false},"author":1,"featured_media":0,"parent":2261,"menu_order":4,"comment_status":"closed","ping_status":"closed","template":"","meta":{"footnotes":""},"class_list":["post-2101","page","type-page","status-publish","hentry"],"yoast_head":"<!-- This site is optimized with the Yoast SEO plugin v27.4 - https:\/\/yoast.com\/product\/yoast-seo-wordpress\/ -->\n<title>Stra\u00dfenschilder - Falkin<\/title>\n<meta name=\"robots\" content=\"index, follow, max-snippet:-1, max-image-preview:large, max-video-preview:-1\" \/>\n<link rel=\"canonical\" href=\"https:\/\/falkin.nl\/de\/produkte\/schilder\/strassenschilder\/\" \/>\n<meta property=\"og:locale\" content=\"de_DE\" \/>\n<meta property=\"og:type\" content=\"article\" \/>\n<meta property=\"og:title\" content=\"Stra\u00dfenschilder - Falkin\" \/>\n<meta property=\"og:description\" content=\"[vc_section full_width=&#8220;stretch_row&#8220; el_class=&#8220;blue-gradient&#8220; conditional_render=&#8220;%5B%7B%22value_role%22%3A%22administrator%22%7D%5D&#8220; css=&#8220;.vc_custom_1719583350510{margin-top: -50px !important;margin-bottom: 0px !important;padding-top: 250px !important;padding-right: 30px !important;padding-bottom: 100px !important;padding-left: 30px !important;}&#8220;][vc_row wrap_container=&#8220;yes&#8220; conditional_render=&#8220;%5B%7B%22value_role%22%3A%22administrator%22%7D%5D&#8220;][vc_column width=&#8220;1\/6&#8243;][\/vc_column][vc_column width=&#8220;2\/3&#8243;][vc_custom_heading text=&#8220;Stra\u00dfenschilder&#8220; font_container=&#8220;tag:h1|text_align:left|color:var(&#8211;porto-tertiary-color)&#8220; use_theme_fonts=&#8220;yes&#8220; css=&#8220;.vc_custom_1719928395931{margin-bottom: 25px !important;}&#8220; el_class=&#8220;header-title&#8220;][vc_column_text css=&#8220;.vc_custom_1726667244411{margin-bottom: 15px !important;}&#8220;] Eine intelligente und kosteng\u00fcnstige M\u00f6glichkeit, Regeln und Informationen auf Ihrer Website zu kommunizieren. Dibond 3 oder 6mm Dibond-Paneel mit Aluminiumkern und wei\u00dfer Deckschicht und [&hellip;]\" \/>\n<meta property=\"og:url\" content=\"https:\/\/falkin.nl\/de\/produkte\/schilder\/strassenschilder\/\" \/>\n<meta property=\"og:site_name\" content=\"Falkin\" \/>\n<meta property=\"article:modified_time\" content=\"2024-10-25T09:24:15+00:00\" \/>\n<meta name=\"twitter:card\" content=\"summary_large_image\" \/>\n<meta name=\"twitter:label1\" content=\"Gesch\u00e4tzte Lesezeit\" \/>\n\t<meta name=\"twitter:data1\" content=\"7\u00a0Minuten\" \/>\n<script type=\"application\/ld+json\" class=\"yoast-schema-graph\">{\"@context\":\"https:\\\/\\\/schema.org\",\"@graph\":[{\"@type\":\"WebPage\",\"@id\":\"https:\\\/\\\/falkin.nl\\\/de\\\/produkte\\\/schilder\\\/strassenschilder\\\/\",\"url\":\"https:\\\/\\\/falkin.nl\\\/de\\\/produkte\\\/schilder\\\/strassenschilder\\\/\",\"name\":\"Stra\u00dfenschilder - Falkin\",\"isPartOf\":{\"@id\":\"https:\\\/\\\/falkin.nl\\\/de\\\/#website\"},\"datePublished\":\"2024-06-25T08:55:21+00:00\",\"dateModified\":\"2024-10-25T09:24:15+00:00\",\"breadcrumb\":{\"@id\":\"https:\\\/\\\/falkin.nl\\\/de\\\/produkte\\\/schilder\\\/strassenschilder\\\/#breadcrumb\"},\"inLanguage\":\"de\",\"potentialAction\":[{\"@type\":\"ReadAction\",\"target\":[\"https:\\\/\\\/falkin.nl\\\/de\\\/produkte\\\/schilder\\\/strassenschilder\\\/\"]}]},{\"@type\":\"BreadcrumbList\",\"@id\":\"https:\\\/\\\/falkin.nl\\\/de\\\/produkte\\\/schilder\\\/strassenschilder\\\/#breadcrumb\",\"itemListElement\":[{\"@type\":\"ListItem\",\"position\":1,\"name\":\"Home\",\"item\":\"https:\\\/\\\/falkin.nl\\\/de\\\/startseite\\\/\"},{\"@type\":\"ListItem\",\"position\":2,\"name\":\"Produkte\",\"item\":\"https:\\\/\\\/falkin.nl\\\/de\\\/produkte\\\/\"},{\"@type\":\"ListItem\",\"position\":3,\"name\":\"Schilder\",\"item\":\"https:\\\/\\\/falkin.nl\\\/de\\\/produkte\\\/schilder\\\/\"},{\"@type\":\"ListItem\",\"position\":4,\"name\":\"Stra\u00dfenschilder\"}]},{\"@type\":\"WebSite\",\"@id\":\"https:\\\/\\\/falkin.nl\\\/de\\\/#website\",\"url\":\"https:\\\/\\\/falkin.nl\\\/de\\\/\",\"name\":\"Falkin\",\"description\":\"\",\"potentialAction\":[{\"@type\":\"SearchAction\",\"target\":{\"@type\":\"EntryPoint\",\"urlTemplate\":\"https:\\\/\\\/falkin.nl\\\/de\\\/?s={search_term_string}\"},\"query-input\":{\"@type\":\"PropertyValueSpecification\",\"valueRequired\":true,\"valueName\":\"search_term_string\"}}],\"inLanguage\":\"de\"}]}<\/script>\n<!-- \/ Yoast SEO plugin. -->","yoast_head_json":{"title":"Stra\u00dfenschilder - Falkin","robots":{"index":"index","follow":"follow","max-snippet":"max-snippet:-1","max-image-preview":"max-image-preview:large","max-video-preview":"max-video-preview:-1"},"canonical":"https:\/\/falkin.nl\/de\/produkte\/schilder\/strassenschilder\/","og_locale":"de_DE","og_type":"article","og_title":"Stra\u00dfenschilder - Falkin","og_description":"[vc_section full_width=&#8220;stretch_row&#8220; el_class=&#8220;blue-gradient&#8220; conditional_render=&#8220;%5B%7B%22value_role%22%3A%22administrator%22%7D%5D&#8220; css=&#8220;.vc_custom_1719583350510{margin-top: -50px !important;margin-bottom: 0px !important;padding-top: 250px !important;padding-right: 30px !important;padding-bottom: 100px !important;padding-left: 30px !important;}&#8220;][vc_row wrap_container=&#8220;yes&#8220; conditional_render=&#8220;%5B%7B%22value_role%22%3A%22administrator%22%7D%5D&#8220;][vc_column width=&#8220;1\/6&#8243;][\/vc_column][vc_column width=&#8220;2\/3&#8243;][vc_custom_heading text=&#8220;Stra\u00dfenschilder&#8220; font_container=&#8220;tag:h1|text_align:left|color:var(&#8211;porto-tertiary-color)&#8220; use_theme_fonts=&#8220;yes&#8220; css=&#8220;.vc_custom_1719928395931{margin-bottom: 25px !important;}&#8220; el_class=&#8220;header-title&#8220;][vc_column_text css=&#8220;.vc_custom_1726667244411{margin-bottom: 15px !important;}&#8220;] Eine intelligente und kosteng\u00fcnstige M\u00f6glichkeit, Regeln und Informationen auf Ihrer Website zu kommunizieren. Dibond 3 oder 6mm Dibond-Paneel mit Aluminiumkern und wei\u00dfer Deckschicht und [&hellip;]","og_url":"https:\/\/falkin.nl\/de\/produkte\/schilder\/strassenschilder\/","og_site_name":"Falkin","article_modified_time":"2024-10-25T09:24:15+00:00","twitter_card":"summary_large_image","twitter_misc":{"Gesch\u00e4tzte Lesezeit":"7\u00a0Minuten"},"schema":{"@context":"https:\/\/schema.org","@graph":[{"@type":"WebPage","@id":"https:\/\/falkin.nl\/de\/produkte\/schilder\/strassenschilder\/","url":"https:\/\/falkin.nl\/de\/produkte\/schilder\/strassenschilder\/","name":"Stra\u00dfenschilder - Falkin","isPartOf":{"@id":"https:\/\/falkin.nl\/de\/#website"},"datePublished":"2024-06-25T08:55:21+00:00","dateModified":"2024-10-25T09:24:15+00:00","breadcrumb":{"@id":"https:\/\/falkin.nl\/de\/produkte\/schilder\/strassenschilder\/#breadcrumb"},"inLanguage":"de","potentialAction":[{"@type":"ReadAction","target":["https:\/\/falkin.nl\/de\/produkte\/schilder\/strassenschilder\/"]}]},{"@type":"BreadcrumbList","@id":"https:\/\/falkin.nl\/de\/produkte\/schilder\/strassenschilder\/#breadcrumb","itemListElement":[{"@type":"ListItem","position":1,"name":"Home","item":"https:\/\/falkin.nl\/de\/startseite\/"},{"@type":"ListItem","position":2,"name":"Produkte","item":"https:\/\/falkin.nl\/de\/produkte\/"},{"@type":"ListItem","position":3,"name":"Schilder","item":"https:\/\/falkin.nl\/de\/produkte\/schilder\/"},{"@type":"ListItem","position":4,"name":"Stra\u00dfenschilder"}]},{"@type":"WebSite","@id":"https:\/\/falkin.nl\/de\/#website","url":"https:\/\/falkin.nl\/de\/","name":"Falkin","description":"","potentialAction":[{"@type":"SearchAction","target":{"@type":"EntryPoint","urlTemplate":"https:\/\/falkin.nl\/de\/?s={search_term_string}"},"query-input":{"@type":"PropertyValueSpecification","valueRequired":true,"valueName":"search_term_string"}}],"inLanguage":"de"}]}},"_links":{"self":[{"href":"https:\/\/falkin.nl\/de\/wp-json\/wp\/v2\/pages\/2101","targetHints":{"allow":["GET"]}}],"collection":[{"href":"https:\/\/falkin.nl\/de\/wp-json\/wp\/v2\/pages"}],"about":[{"href":"https:\/\/falkin.nl\/de\/wp-json\/wp\/v2\/types\/page"}],"author":[{"embeddable":true,"href":"https:\/\/falkin.nl\/de\/wp-json\/wp\/v2\/users\/1"}],"replies":[{"embeddable":true,"href":"https:\/\/falkin.nl\/de\/wp-json\/wp\/v2\/comments?post=2101"}],"version-history":[{"count":1,"href":"https:\/\/falkin.nl\/de\/wp-json\/wp\/v2\/pages\/2101\/revisions"}],"predecessor-version":[{"id":2106,"href":"https:\/\/falkin.nl\/de\/wp-json\/wp\/v2\/pages\/2101\/revisions\/2106"}],"up":[{"embeddable":true,"href":"https:\/\/falkin.nl\/de\/wp-json\/wp\/v2\/pages\/2261"}],"wp:attachment":[{"href":"https:\/\/falkin.nl\/de\/wp-json\/wp\/v2\/media?parent=2101"}],"curies":[{"name":"wp","href":"https:\/\/api.w.org\/{rel}","templated":true}]}}