{"id":2154,"date":"2024-06-25T08:58:25","date_gmt":"2024-06-25T08:58:25","guid":{"rendered":"https:\/\/falkin.nl\/ueber-falkin\/"},"modified":"2024-10-25T09:22:12","modified_gmt":"2024-10-25T09:22:12","slug":"ueber-falkin","status":"publish","type":"page","link":"https:\/\/falkin.nl\/de\/ueber-falkin\/","title":{"rendered":"\u00dcber Falkin"},"content":{"rendered":"<div class=\"wpb-content-wrapper\"><p>[vc_section full_width=&#8220;stretch_row&#8220; el_class=&#8220;blue-gradient&#8220; conditional_render=&#8220;%5B%7B%22value_role%22%3A%22administrator%22%7D%5D&#8220; css=&#8220;.vc_custom_1719583408854{margin-top: -50px !important;margin-bottom: 0px !important;padding-top: 250px !important;padding-right: 30px !important;padding-bottom: 100px !important;padding-left: 30px !important;}&#8220;][vc_row wrap_container=&#8220;yes&#8220; conditional_render=&#8220;%5B%7B%22value_role%22%3A%22administrator%22%7D%5D&#8220;][vc_column width=&#8220;1\/6&#8243;][\/vc_column][vc_column width=&#8220;2\/3&#8243;][vc_column_text css=&#8220;.vc_custom_1719665238089{margin-bottom: 10px !important;}&#8220; text_color=&#8220;var(&#8211;porto-secondary-color)&#8220; text_typography=&#8220;{&#8222;family&#8222;:&#8222;Default&#8222;,&#8222;variant&#8222;:&#8222;Default&#8222;,&#8222;font_size&#8222;:&#8222;13px&#8222;,&#8222;line_height&#8222;:&#8222;&#8222;,&#8222;letter_spacing&#8222;:&#8222;&#8222;,&#8222;text_transform&#8222;:&#8222;&#8222;}&#8220;]\u00dcBER FALKIN[\/vc_column_text][vc_custom_heading text=&#8220;Ihr zuverl\u00e4ssiger Partner f\u00fcr eine perfekte Zusammenarbeit!&#8220; font_container=&#8220;tag:h1|text_align:left|color:var(&#8211;porto-tertiary-color)&#8220; use_theme_fonts=&#8220;yes&#8220; css=&#8220;.vc_custom_1719665247665{margin-bottom: 25px !important;}&#8220; el_class=&#8220;header-title&#8220;][vc_column_text css=&#8220;&#8220; text_color=&#8220;var(&#8211;porto-light-color)&#8220; text_typography=&#8220;{&#8222;family&#8222;:&#8222;Default&#8222;,&#8222;variant&#8222;:&#8222;Default&#8222;,&#8222;font_size&#8222;:&#8222;&#8222;,&#8222;line_height&#8222;:&#8222;&#8222;,&#8222;letter_spacing&#8222;:&#8222;&#8222;,&#8222;text_transform&#8222;:&#8222;&#8222;}&#8220;]Mit jahrelanger Handelserfahrung auf verschiedenen M\u00e4rkten hat sich FALKIN als renommierter Name im Bereich der Werbung etabliert. Unsere Kunden sch\u00e4tzen nicht nur unser Fachwissen und unsere Kreativit\u00e4t, sondern auch unsere bemerkenswerte Schnelligkeit, Flexibilit\u00e4t und Erreichbarkeit, trotz unseres schnellen Wachstums und unserer umfangreichen Produktpalette.[\/vc_column_text][\/vc_column][vc_column width=&#8220;1\/6&#8243;][\/vc_column][\/vc_row][\/vc_section][vc_row full_width_css=&#8220;stretch_row_content_no_spaces_css&#8220; full_width=&#8220;stretch_row_content_no_spaces&#8220; css=&#8220;.vc_custom_1719487025522{margin-top: 0px !important;margin-right: 0px !important;margin-bottom: 0px !important;margin-left: 0px !important;padding-top: 0px !important;padding-right: 0px !important;padding-bottom: 0px !important;padding-left: 0px !important;background-color: var(&#8211;porto-secondary-color) !important;}&#8220; conditional_render=&#8220;%5B%7B%22value_role%22%3A%22administrator%22%7D%5D&#8220;][vc_column css=&#8220;.vc_custom_1719318870498{margin-top: 0px !important;margin-right: 0px !important;margin-bottom: 0px !important;margin-left: 0px !important;padding-top: 0px !important;padding-right: 0px !important;padding-bottom: 0px !important;padding-left: 0px !important;}&#8220; conditional_render=&#8220;%5B%7B%22value_role%22%3A%22administrator%22%7D%5D&#8220;]<div class=\"porto-carousel owl-carousel has-ccols ccols-xl-3 ccols-lg-3 ccols-md-3 ccols-sm-2 ccols-1 wpb_custom_2c1c45c292526ccd71e4170c056d3ae0\" data-plugin-options=\"{&quot;themeConfig&quot;:true,&quot;stagePadding&quot;:0,&quot;margin&quot;:0,&quot;autoplay&quot;:&quot;yes&quot;,&quot;mouseDrag&quot;:false,&quot;touchDrag&quot;:false,&quot;autoplayTimeout&quot;:5000,&quot;autoplayHoverPause&quot;:false,&quot;items&quot;:3,&quot;xl&quot;:3,&quot;lg&quot;:3,&quot;md&quot;:3,&quot;sm&quot;:2,&quot;xs&quot;:1,&quot;nav&quot;:false,&quot;dots&quot;:false,&quot;animateIn&quot;:&quot;&quot;,&quot;animateOut&quot;:&quot;&quot;,&quot;loop&quot;:&quot;yes&quot;,&quot;center&quot;:&quot;yes&quot;,&quot;video&quot;:false,&quot;lazyLoad&quot;:false,&quot;fullscreen&quot;:false}\">[vc_single_image image=&#8220;498&#8243; img_size=&#8220;full&#8220; css=&#8220;.vc_custom_1719665477213{margin-bottom: 0px !important;}&#8220;][vc_single_image image=&#8220;499&#8243; img_size=&#8220;full&#8220; css=&#8220;.vc_custom_1719665426913{margin-bottom: 0px !important;}&#8220;][vc_single_image image=&#8220;1480&#8243; img_size=&#8220;full&#8220; css=&#8220;.vc_custom_1726755280941{margin-bottom: 0px !important;}&#8220; label=&#8220;&#8220;][vc_single_image image=&#8220;494&#8243; img_size=&#8220;full&#8220; css=&#8220;.vc_custom_1719665441994{margin-bottom: 0px !important;}&#8220;][vc_single_image image=&#8220;1483&#8243; img_size=&#8220;full&#8220; css=&#8220;.vc_custom_1726755299051{margin-bottom: 0px !important;}&#8220; label=&#8220;&#8220;][vc_single_image image=&#8220;1440&#8243; img_size=&#8220;full&#8220; css=&#8220;.vc_custom_1726755323275{margin-bottom: 0px !important;}&#8220; label=&#8220;&#8220;][vc_single_image image=&#8220;1532&#8243; img_size=&#8220;full&#8220; css=&#8220;.vc_custom_1726755336048{margin-bottom: 0px !important;}&#8220; label=&#8220;&#8220;]<\/div>[\/vc_column][\/vc_row][vc_section full_width=&#8220;stretch_row&#8220; conditional_render=&#8220;%5B%7B%22value_role%22%3A%22administrator%22%7D%5D&#8220;][vc_row full_width_css=&#8220;stretch_row_content_no_spaces_css&#8220; full_width=&#8220;stretch_row_content&#8220; content_placement=&#8220;middle&#8220; conditional_render=&#8220;%5B%7B%22value_role%22%3A%22administrator%22%7D%5D&#8220; css=&#8220;.vc_custom_1719319492787{background-color: var(&#8211;porto-secondary-color) !important;}&#8220;][vc_column width=&#8220;1\/2&#8243; css=&#8220;.vc_custom_1719319438805{background-image: url(https:\/\/falkin.nl\/wp-content\/uploads\/2024\/06\/Falkin-afbeelding-bekers-kleiner.jpg?id=467) !important;background-position: center !important;background-repeat: no-repeat !important;background-size: cover !important;}&#8220; conditional_render=&#8220;%5B%7B%22value_role%22%3A%22administrator%22%7D%5D&#8220;][vc_empty_space height=&#8220;500px&#8220;][\/vc_column][vc_column width=&#8220;1\/12&#8243; conditional_render=&#8220;%5B%7B%22value_role%22%3A%22administrator%22%7D%5D&#8220;][\/vc_column][vc_column width=&#8220;5\/12&#8243; conditional_render=&#8220;%5B%7B%22value_role%22%3A%22administrator%22%7D%5D&#8220; css=&#8220;.vc_custom_1719422251966{padding: 30px !important;}&#8220;][vc_custom_heading text=&#8220;Warum entscheiden sich Unternehmen f\u00fcr Falkin?&#8220; font_container=&#8220;tag:h3|text_align:left&#8220; use_theme_fonts=&#8220;yes&#8220; css=&#8220;.vc_custom_1719492335348{margin-bottom: 30px !important;}&#8220;]<div class=\"porto-sicon-box  wpb_custom_1b534e04266c65799a4ba0a321045efd style_1 default-icon\"><div class=\"porto-sicon-default\"><div class=\"porto-just-icon-wrapper porto-icon circle\" style=\"color:var(--porto-primary-light-5);background:#d9e5f3;font-size:18px;\"><i class=\"fas fa-check\"><\/i><\/div><\/div><div class=\"porto-sicon-header\"><h6 class=\"porto-sicon-title\" style=\"\">Klare Kommunikation und kurze Wege<\/h6><\/div> <!-- header --><\/div><!-- porto-sicon-box --><div class=\"porto-sicon-box  wpb_custom_1b534e04266c65799a4ba0a321045efd style_1 default-icon\"><div class=\"porto-sicon-default\"><div class=\"porto-just-icon-wrapper porto-icon circle\" style=\"color:var(--porto-primary-light-5);background:#d9e5f3;font-size:18px;\"><i class=\"fas fa-check\"><\/i><\/div><\/div><div class=\"porto-sicon-header\"><h6 class=\"porto-sicon-title\" style=\"\">Wir denken mit Ihrem Projekt und Ihren W\u00fcnschen mit<\/h6><\/div> <!-- header --><\/div><!-- porto-sicon-box --><div class=\"porto-sicon-box  wpb_custom_1b534e04266c65799a4ba0a321045efd style_1 default-icon\"><div class=\"porto-sicon-default\"><div class=\"porto-just-icon-wrapper porto-icon circle\" style=\"color:var(--porto-primary-light-5);background:#d9e5f3;font-size:18px;\"><i class=\"fas fa-check\"><\/i><\/div><\/div><div class=\"porto-sicon-header\"><h6 class=\"porto-sicon-title\" style=\"\">Nein zu sagen ist nicht in unserem System<\/h6><\/div> <!-- header --><\/div><!-- porto-sicon-box -->[\/vc_column][\/vc_row][\/vc_section][vc_section full_width=&#8220;stretch_row&#8220; conditional_render=&#8220;%5B%7B%22value_role%22%3A%22administrator%22%7D%5D&#8220; el_class=&#8220;blue-gradient&#8220; css=&#8220;.vc_custom_1719585115754{margin-bottom: -50px !important;padding-top: 125px !important;padding-right: 30px !important;padding-bottom: 125px !important;padding-left: 30px !important;}&#8220;][vc_row full_width_css=&#8220;stretch_row_css&#8220; wrap_container=&#8220;yes&#8220; conditional_render=&#8220;%5B%7B%22value_role%22%3A%22administrator%22%7D%5D&#8220;][vc_column][vc_custom_heading text=&#8220;Sie fragen sich, was Falkin f\u00fcr Ihr Projekt tun kann?&#8220; font_container=&#8220;tag:h3|text_align:center|color:var(&#8211;porto-light-color)&#8220; use_theme_fonts=&#8220;yes&#8220; css=&#8220;&#8220;][vc_column_text css=&#8220;&#8220; text_color=&#8220;var(&#8211;porto-light-color)&#8220;]<\/p>\n<p style=\"text-align: center;\">Wir w\u00fcrden uns gerne mit Ihnen in Verbindung setzen, um Ihre Anforderungen zu besprechen.<\/p>\n<p>[\/vc_column_text][vc_btn title=&#8220;Kontakt aufnehmen&#8220; shape=&#8220;round&#8220; color=&#8220;white&#8220; size=&#8220;lg&#8220; align=&#8220;center&#8220; css=&#8220;.vc_custom_1719492202280{margin-bottom: 15px !important;}&#8220; btn_fs=&#8220;14&#8243; btn_fw=&#8220;400&#8243; link=&#8220;url:https%3A%2F%2Ffalkin.nl%2Fcontact%2F|title:Bereich%20Werbung|&#8220; btn_px=&#8220;25px&#8220; btn_py=&#8220;15px&#8220;][\/vc_column][\/vc_row][\/vc_section]<\/p>\n<\/div>","protected":false},"excerpt":{"rendered":"<p>[vc_section full_width=&#8220;stretch_row&#8220; el_class=&#8220;blue-gradient&#8220; conditional_render=&#8220;%5B%7B%22value_role%22%3A%22administrator%22%7D%5D&#8220; css=&#8220;.vc_custom_1719583408854{margin-top: -50px !important;margin-bottom: 0px !important;padding-top: 250px !important;padding-right: 30px !important;padding-bottom: 100px !important;padding-left: 30px !important;}&#8220;][vc_row wrap_container=&#8220;yes&#8220; conditional_render=&#8220;%5B%7B%22value_role%22%3A%22administrator%22%7D%5D&#8220;][vc_column width=&#8220;1\/6&#8243;][\/vc_column][vc_column width=&#8220;2\/3&#8243;][vc_column_text css=&#8220;.vc_custom_1719665238089{margin-bottom: 10px !important;}&#8220; text_color=&#8220;var(&#8211;porto-secondary-color)&#8220; text_typography=&#8220;{&#8222;family&#8222;:&#8222;Default&#8222;,&#8222;variant&#8222;:&#8222;Default&#8222;,&#8222;font_size&#8222;:&#8222;13px&#8222;,&#8222;line_height&#8222;:&#8222;&#8222;,&#8222;letter_spacing&#8222;:&#8222;&#8222;,&#8222;text_transform&#8222;:&#8222;&#8222;}&#8220;]\u00dcBER FALKIN[\/vc_column_text][vc_custom_heading text=&#8220;Ihr zuverl\u00e4ssiger Partner f\u00fcr eine perfekte Zusammenarbeit!&#8220; font_container=&#8220;tag:h1|text_align:left|color:var(&#8211;porto-tertiary-color)&#8220; use_theme_fonts=&#8220;yes&#8220; css=&#8220;.vc_custom_1719665247665{margin-bottom: 25px !important;}&#8220; el_class=&#8220;header-title&#8220;][vc_column_text css=&#8220;&#8220; text_color=&#8220;var(&#8211;porto-light-color)&#8220; text_typography=&#8220;{&#8222;family&#8222;:&#8222;Default&#8222;,&#8222;variant&#8222;:&#8222;Default&#8222;,&#8222;font_size&#8222;:&#8222;&#8222;,&#8222;line_height&#8222;:&#8222;&#8222;,&#8222;letter_spacing&#8222;:&#8222;&#8222;,&#8222;text_transform&#8222;:&#8222;&#8222;}&#8220;]Mit jahrelanger Handelserfahrung auf verschiedenen M\u00e4rkten hat sich FALKIN als renommierter Name im [&hellip;]<\/p>\n","protected":false},"author":1,"featured_media":0,"parent":0,"menu_order":0,"comment_status":"closed","ping_status":"closed","template":"","meta":{"footnotes":""},"class_list":["post-2154","page","type-page","status-publish","hentry"],"yoast_head":"<!-- This site is optimized with the Yoast SEO plugin v27.3 - https:\/\/yoast.com\/product\/yoast-seo-wordpress\/ -->\n<title>\u00dcber Falkin - Falkin<\/title>\n<meta name=\"robots\" content=\"index, follow, max-snippet:-1, max-image-preview:large, max-video-preview:-1\" \/>\n<link rel=\"canonical\" href=\"https:\/\/falkin.nl\/de\/ueber-falkin\/\" \/>\n<meta property=\"og:locale\" content=\"de_DE\" \/>\n<meta property=\"og:type\" content=\"article\" \/>\n<meta property=\"og:title\" content=\"\u00dcber Falkin - Falkin\" \/>\n<meta property=\"og:description\" content=\"[vc_section full_width=&#8220;stretch_row&#8220; el_class=&#8220;blue-gradient&#8220; conditional_render=&#8220;%5B%7B%22value_role%22%3A%22administrator%22%7D%5D&#8220; css=&#8220;.vc_custom_1719583408854{margin-top: -50px !important;margin-bottom: 0px !important;padding-top: 250px !important;padding-right: 30px !important;padding-bottom: 100px !important;padding-left: 30px !important;}&#8220;][vc_row wrap_container=&#8220;yes&#8220; conditional_render=&#8220;%5B%7B%22value_role%22%3A%22administrator%22%7D%5D&#8220;][vc_column width=&#8220;1\/6&#8243;][\/vc_column][vc_column width=&#8220;2\/3&#8243;][vc_column_text css=&#8220;.vc_custom_1719665238089{margin-bottom: 10px !important;}&#8220; text_color=&#8220;var(&#8211;porto-secondary-color)&#8220; text_typography=&#8220;{&#8222;family&#8222;:&#8222;Default&#8222;,&#8222;variant&#8222;:&#8222;Default&#8222;,&#8222;font_size&#8222;:&#8222;13px&#8222;,&#8222;line_height&#8222;:&#8222;&#8222;,&#8222;letter_spacing&#8222;:&#8222;&#8222;,&#8222;text_transform&#8222;:&#8222;&#8222;}&#8220;]\u00dcBER FALKIN[\/vc_column_text][vc_custom_heading text=&#8220;Ihr zuverl\u00e4ssiger Partner f\u00fcr eine perfekte Zusammenarbeit!&#8220; font_container=&#8220;tag:h1|text_align:left|color:var(&#8211;porto-tertiary-color)&#8220; use_theme_fonts=&#8220;yes&#8220; css=&#8220;.vc_custom_1719665247665{margin-bottom: 25px !important;}&#8220; el_class=&#8220;header-title&#8220;][vc_column_text css=&#8220;&#8220; text_color=&#8220;var(&#8211;porto-light-color)&#8220; text_typography=&#8220;{&#8222;family&#8222;:&#8222;Default&#8222;,&#8222;variant&#8222;:&#8222;Default&#8222;,&#8222;font_size&#8222;:&#8222;&#8222;,&#8222;line_height&#8222;:&#8222;&#8222;,&#8222;letter_spacing&#8222;:&#8222;&#8222;,&#8222;text_transform&#8222;:&#8222;&#8222;}&#8220;]Mit jahrelanger Handelserfahrung auf verschiedenen M\u00e4rkten hat sich FALKIN als renommierter Name im [&hellip;]\" \/>\n<meta property=\"og:url\" content=\"https:\/\/falkin.nl\/de\/ueber-falkin\/\" \/>\n<meta property=\"og:site_name\" content=\"Falkin\" \/>\n<meta property=\"article:modified_time\" content=\"2024-10-25T09:22:12+00:00\" \/>\n<meta name=\"twitter:card\" content=\"summary_large_image\" \/>\n<meta name=\"twitter:label1\" content=\"Gesch\u00e4tzte Lesezeit\" \/>\n\t<meta name=\"twitter:data1\" content=\"5\u00a0Minuten\" \/>\n<script type=\"application\/ld+json\" class=\"yoast-schema-graph\">{\"@context\":\"https:\\\/\\\/schema.org\",\"@graph\":[{\"@type\":\"WebPage\",\"@id\":\"https:\\\/\\\/falkin.nl\\\/de\\\/ueber-falkin\\\/\",\"url\":\"https:\\\/\\\/falkin.nl\\\/de\\\/ueber-falkin\\\/\",\"name\":\"\u00dcber Falkin - Falkin\",\"isPartOf\":{\"@id\":\"https:\\\/\\\/falkin.nl\\\/de\\\/#website\"},\"datePublished\":\"2024-06-25T08:58:25+00:00\",\"dateModified\":\"2024-10-25T09:22:12+00:00\",\"breadcrumb\":{\"@id\":\"https:\\\/\\\/falkin.nl\\\/de\\\/ueber-falkin\\\/#breadcrumb\"},\"inLanguage\":\"de\",\"potentialAction\":[{\"@type\":\"ReadAction\",\"target\":[\"https:\\\/\\\/falkin.nl\\\/de\\\/ueber-falkin\\\/\"]}]},{\"@type\":\"BreadcrumbList\",\"@id\":\"https:\\\/\\\/falkin.nl\\\/de\\\/ueber-falkin\\\/#breadcrumb\",\"itemListElement\":[{\"@type\":\"ListItem\",\"position\":1,\"name\":\"Home\",\"item\":\"https:\\\/\\\/falkin.nl\\\/de\\\/startseite\\\/\"},{\"@type\":\"ListItem\",\"position\":2,\"name\":\"\u00dcber Falkin\"}]},{\"@type\":\"WebSite\",\"@id\":\"https:\\\/\\\/falkin.nl\\\/de\\\/#website\",\"url\":\"https:\\\/\\\/falkin.nl\\\/de\\\/\",\"name\":\"Falkin\",\"description\":\"\",\"potentialAction\":[{\"@type\":\"SearchAction\",\"target\":{\"@type\":\"EntryPoint\",\"urlTemplate\":\"https:\\\/\\\/falkin.nl\\\/de\\\/?s={search_term_string}\"},\"query-input\":{\"@type\":\"PropertyValueSpecification\",\"valueRequired\":true,\"valueName\":\"search_term_string\"}}],\"inLanguage\":\"de\"}]}<\/script>\n<!-- \/ Yoast SEO plugin. -->","yoast_head_json":{"title":"\u00dcber Falkin - Falkin","robots":{"index":"index","follow":"follow","max-snippet":"max-snippet:-1","max-image-preview":"max-image-preview:large","max-video-preview":"max-video-preview:-1"},"canonical":"https:\/\/falkin.nl\/de\/ueber-falkin\/","og_locale":"de_DE","og_type":"article","og_title":"\u00dcber Falkin - Falkin","og_description":"[vc_section full_width=&#8220;stretch_row&#8220; el_class=&#8220;blue-gradient&#8220; conditional_render=&#8220;%5B%7B%22value_role%22%3A%22administrator%22%7D%5D&#8220; css=&#8220;.vc_custom_1719583408854{margin-top: -50px !important;margin-bottom: 0px !important;padding-top: 250px !important;padding-right: 30px !important;padding-bottom: 100px !important;padding-left: 30px !important;}&#8220;][vc_row wrap_container=&#8220;yes&#8220; conditional_render=&#8220;%5B%7B%22value_role%22%3A%22administrator%22%7D%5D&#8220;][vc_column width=&#8220;1\/6&#8243;][\/vc_column][vc_column width=&#8220;2\/3&#8243;][vc_column_text css=&#8220;.vc_custom_1719665238089{margin-bottom: 10px !important;}&#8220; text_color=&#8220;var(&#8211;porto-secondary-color)&#8220; text_typography=&#8220;{&#8222;family&#8222;:&#8222;Default&#8222;,&#8222;variant&#8222;:&#8222;Default&#8222;,&#8222;font_size&#8222;:&#8222;13px&#8222;,&#8222;line_height&#8222;:&#8222;&#8222;,&#8222;letter_spacing&#8222;:&#8222;&#8222;,&#8222;text_transform&#8222;:&#8222;&#8222;}&#8220;]\u00dcBER FALKIN[\/vc_column_text][vc_custom_heading text=&#8220;Ihr zuverl\u00e4ssiger Partner f\u00fcr eine perfekte Zusammenarbeit!&#8220; font_container=&#8220;tag:h1|text_align:left|color:var(&#8211;porto-tertiary-color)&#8220; use_theme_fonts=&#8220;yes&#8220; css=&#8220;.vc_custom_1719665247665{margin-bottom: 25px !important;}&#8220; el_class=&#8220;header-title&#8220;][vc_column_text css=&#8220;&#8220; text_color=&#8220;var(&#8211;porto-light-color)&#8220; text_typography=&#8220;{&#8222;family&#8222;:&#8222;Default&#8222;,&#8222;variant&#8222;:&#8222;Default&#8222;,&#8222;font_size&#8222;:&#8222;&#8222;,&#8222;line_height&#8222;:&#8222;&#8222;,&#8222;letter_spacing&#8222;:&#8222;&#8222;,&#8222;text_transform&#8222;:&#8222;&#8222;}&#8220;]Mit jahrelanger Handelserfahrung auf verschiedenen M\u00e4rkten hat sich FALKIN als renommierter Name im [&hellip;]","og_url":"https:\/\/falkin.nl\/de\/ueber-falkin\/","og_site_name":"Falkin","article_modified_time":"2024-10-25T09:22:12+00:00","twitter_card":"summary_large_image","twitter_misc":{"Gesch\u00e4tzte Lesezeit":"5\u00a0Minuten"},"schema":{"@context":"https:\/\/schema.org","@graph":[{"@type":"WebPage","@id":"https:\/\/falkin.nl\/de\/ueber-falkin\/","url":"https:\/\/falkin.nl\/de\/ueber-falkin\/","name":"\u00dcber Falkin - Falkin","isPartOf":{"@id":"https:\/\/falkin.nl\/de\/#website"},"datePublished":"2024-06-25T08:58:25+00:00","dateModified":"2024-10-25T09:22:12+00:00","breadcrumb":{"@id":"https:\/\/falkin.nl\/de\/ueber-falkin\/#breadcrumb"},"inLanguage":"de","potentialAction":[{"@type":"ReadAction","target":["https:\/\/falkin.nl\/de\/ueber-falkin\/"]}]},{"@type":"BreadcrumbList","@id":"https:\/\/falkin.nl\/de\/ueber-falkin\/#breadcrumb","itemListElement":[{"@type":"ListItem","position":1,"name":"Home","item":"https:\/\/falkin.nl\/de\/startseite\/"},{"@type":"ListItem","position":2,"name":"\u00dcber Falkin"}]},{"@type":"WebSite","@id":"https:\/\/falkin.nl\/de\/#website","url":"https:\/\/falkin.nl\/de\/","name":"Falkin","description":"","potentialAction":[{"@type":"SearchAction","target":{"@type":"EntryPoint","urlTemplate":"https:\/\/falkin.nl\/de\/?s={search_term_string}"},"query-input":{"@type":"PropertyValueSpecification","valueRequired":true,"valueName":"search_term_string"}}],"inLanguage":"de"}]}},"_links":{"self":[{"href":"https:\/\/falkin.nl\/de\/wp-json\/wp\/v2\/pages\/2154","targetHints":{"allow":["GET"]}}],"collection":[{"href":"https:\/\/falkin.nl\/de\/wp-json\/wp\/v2\/pages"}],"about":[{"href":"https:\/\/falkin.nl\/de\/wp-json\/wp\/v2\/types\/page"}],"author":[{"embeddable":true,"href":"https:\/\/falkin.nl\/de\/wp-json\/wp\/v2\/users\/1"}],"replies":[{"embeddable":true,"href":"https:\/\/falkin.nl\/de\/wp-json\/wp\/v2\/comments?post=2154"}],"version-history":[{"count":1,"href":"https:\/\/falkin.nl\/de\/wp-json\/wp\/v2\/pages\/2154\/revisions"}],"predecessor-version":[{"id":2157,"href":"https:\/\/falkin.nl\/de\/wp-json\/wp\/v2\/pages\/2154\/revisions\/2157"}],"wp:attachment":[{"href":"https:\/\/falkin.nl\/de\/wp-json\/wp\/v2\/media?parent=2154"}],"curies":[{"name":"wp","href":"https:\/\/api.w.org\/{rel}","templated":true}]}}