{"id":2186,"date":"2024-06-25T08:59:32","date_gmt":"2024-06-25T08:59:32","guid":{"rendered":"https:\/\/falkin.nl\/angebot-anfordern\/"},"modified":"2024-10-26T07:14:29","modified_gmt":"2024-10-26T07:14:29","slug":"angebot-anfordern","status":"publish","type":"page","link":"https:\/\/falkin.nl\/de\/angebot-anfordern\/","title":{"rendered":"Angebot anfordern"},"content":{"rendered":"<div class=\"wpb-content-wrapper\"><p>[vc_row full_width_css=&#8220;stretch_row_content_no_spaces_css&#8220; full_width=&#8220;stretch_row_content_no_spaces&#8220; conditional_render=&#8220;%5B%7B%22value_role%22%3A%22administrator%22%7D%5D&#8220; css=&#8220;.vc_custom_1729926248521{margin-top: -50px !important;}&#8220;][vc_column][vc_empty_space height=&#8220;117px&#8220; css=&#8220;.vc_custom_1729926394925{background-color: var(&#8211;porto-dark-color) !important;}&#8220; el_class=&#8220;header-achtergrond&#8220;][\/vc_column][\/vc_row][vc_section full_width=&#8220;stretch_row&#8220; conditional_render=&#8220;%5B%7B%22value_role%22%3A%22administrator%22%7D%5D&#8220; css=&#8220;.vc_custom_1729926154001{margin-bottom: 0px !important;padding-top: 120px !important;padding-bottom: 100px !important;background-color: var(&#8211;porto-secondary-color) !important;}&#8220;][vc_row wrap_container=&#8220;yes&#8220; conditional_render=&#8220;%5B%7B%22value_role%22%3A%22administrator%22%7D%5D&#8220;][vc_column width=&#8220;1\/6&#8243;][\/vc_column][vc_column width=&#8220;2\/3&#8243;][vc_column_text css=&#8220;.vc_custom_1719567230848{margin-bottom: 15px !important;}&#8220; text_color=&#8220;var(&#8211;porto-primary-color)&#8220; text_typography=&#8220;{&#8222;family&#8222;:&#8222;Default&#8222;,&#8222;variant&#8222;:&#8222;Default&#8222;,&#8222;font_size&#8222;:&#8222;13&#8222;,&#8222;line_height&#8222;:&#8222;&#8222;,&#8222;letter_spacing&#8222;:&#8222;&#8222;,&#8222;text_transform&#8222;:&#8222;&#8222;}&#8220;]Welches Projekt m\u00f6chten Sie starten?[\/vc_column_text][vc_custom_heading text=&#8220;Angebot anfordern&#8220; font_container=&#8220;tag:h1|text_align:left|color:var(&#8211;porto-quaternary-color)&#8220; use_theme_fonts=&#8220;yes&#8220; css=&#8220;.vc_custom_1719567245113{margin-bottom: 25px !important;}&#8220; el_class=&#8220;header-title&#8220;][vc_column_text css=&#8220;&#8220; text_color=&#8220;var(&#8211;porto-dark-color)&#8220;]Wenn Sie es nicht finden k\u00f6nnen, andere Abmessungen ben\u00f6tigen oder was auch immer, z\u00f6gern Sie bitte nicht, unten einen Preis anzufragen. Bitte geben Sie so viele Details wie m\u00f6glich \u00fcber das Produkt, das gew\u00fcnschte Material, die ben\u00f6tigten Ma\u00dfe an oder beschreiben Sie so genau wie m\u00f6glich, was Sie ben\u00f6tigen.[\/vc_column_text][\/vc_column][vc_column width=&#8220;1\/6&#8243;][\/vc_column][\/vc_row][\/vc_section][vc_section full_width=&#8220;stretch_row&#8220; el_class=&#8220;blue-gradient&#8220; conditional_render=&#8220;%5B%7B%22value_role%22%3A%22administrator%22%7D%5D&#8220; css=&#8220;.vc_custom_1719567413502{margin-bottom: -60px !important;padding-top: 75px !important;padding-bottom: 75px !important;}&#8220;][vc_row wrap_container=&#8220;yes&#8220; conditional_render=&#8220;%5B%7B%22value_role%22%3A%22administrator%22%7D%5D&#8220;][vc_column width=&#8220;1\/6&#8243;][\/vc_column][vc_column width=&#8220;2\/3&#8243;][vc_column_text css=&#8220;&#8220; text_color=&#8220;var(&#8211;porto-light-color)&#8220;]F\u00fcllen Sie das untenstehende Formular aus und wir werden Sie innerhalb von 1 Werktag kontaktieren.[\/vc_column_text]\n<div class=\"wpcf7 no-js\" id=\"wpcf7-f2422-o1\" lang=\"de-DE\" dir=\"ltr\" data-wpcf7-id=\"2422\">\n<div class=\"screen-reader-response\"><p role=\"status\" aria-live=\"polite\" aria-atomic=\"true\"><\/p> <ul><\/ul><\/div>\n<form action=\"\/de\/wp-json\/wp\/v2\/pages\/2186#wpcf7-f2422-o1\" method=\"post\" class=\"wpcf7-form init\" aria-label=\"Kontaktformular\" enctype=\"multipart\/form-data\" novalidate=\"novalidate\" data-status=\"init\">\n<fieldset class=\"hidden-fields-container\"><input type=\"hidden\" name=\"_wpcf7\" value=\"2422\" \/><input type=\"hidden\" name=\"_wpcf7_version\" value=\"6.1.5\" \/><input type=\"hidden\" name=\"_wpcf7_locale\" value=\"de_DE\" \/><input type=\"hidden\" name=\"_wpcf7_unit_tag\" value=\"wpcf7-f2422-o1\" \/><input type=\"hidden\" name=\"_wpcf7_container_post\" value=\"0\" \/><input type=\"hidden\" name=\"_wpcf7_posted_data_hash\" value=\"\" \/><input type=\"hidden\" name=\"_wpcf7_recaptcha_response\" value=\"\" \/>\n<\/fieldset>\n<label><strong>Vollst\u00e4ndiger Name*<\/strong>\n<span class=\"wpcf7-form-control-wrap\" data-name=\"your-name\"><input size=\"40\" maxlength=\"400\" class=\"wpcf7-form-control wpcf7-text wpcf7-validates-as-required\" aria-required=\"true\" aria-invalid=\"false\" value=\"\" type=\"text\" name=\"your-name\" \/><\/span><\/label>\n\n<label><strong>Firmenname*<\/strong>\n<span class=\"wpcf7-form-control-wrap\" data-name=\"your-bn\"><input size=\"40\" maxlength=\"400\" class=\"wpcf7-form-control wpcf7-text\" aria-invalid=\"false\" value=\"\" type=\"text\" name=\"your-bn\" \/><\/span><\/label>\n\n<label><strong>Adresse*<\/strong>\n<span class=\"wpcf7-form-control-wrap\" data-name=\"your-address\"><input size=\"40\" maxlength=\"400\" class=\"wpcf7-form-control wpcf7-text wpcf7-validates-as-required\" aria-required=\"true\" aria-invalid=\"false\" value=\"\" type=\"text\" name=\"your-address\" \/><\/span><\/label>\n\n<label><strong>Postleitzahl*<\/strong>\n<span class=\"wpcf7-form-control-wrap\" data-name=\"your-pc\"><input size=\"40\" maxlength=\"400\" class=\"wpcf7-form-control wpcf7-text wpcf7-validates-as-required\" aria-required=\"true\" aria-invalid=\"false\" value=\"\" type=\"text\" name=\"your-pc\" \/><\/span><\/label>\n\n<label><strong>Standort*<\/strong>\n<span class=\"wpcf7-form-control-wrap\" data-name=\"your-city\"><input size=\"40\" maxlength=\"400\" class=\"wpcf7-form-control wpcf7-text wpcf7-validates-as-required\" aria-required=\"true\" aria-invalid=\"false\" value=\"\" type=\"text\" name=\"your-city\" \/><\/span><\/label>\n\n<label><strong>E-Mail*<\/strong>\n<span class=\"wpcf7-form-control-wrap\" data-name=\"your-email\"><input size=\"40\" maxlength=\"400\" class=\"wpcf7-form-control wpcf7-email wpcf7-validates-as-required wpcf7-text wpcf7-validates-as-email\" aria-required=\"true\" aria-invalid=\"false\" value=\"\" type=\"email\" name=\"your-email\" \/><\/span><\/label>\n\n<label><strong>Telefon*<\/strong>\n<span class=\"wpcf7-form-control-wrap\" data-name=\"your-tel\"><input size=\"40\" maxlength=\"400\" class=\"wpcf7-form-control wpcf7-tel wpcf7-validates-as-required wpcf7-text wpcf7-validates-as-tel\" aria-required=\"true\" aria-invalid=\"false\" value=\"\" type=\"tel\" name=\"your-tel\" \/><\/span><\/label>\n\n<h5 id=\"h5-form\">Beschreibung anfordern<\/h5>\n\n<label><strong>Beschreibung<\/strong>\n<span class=\"wpcf7-form-control-wrap\" data-name=\"your-message\"><textarea cols=\"40\" rows=\"10\" maxlength=\"2000\" class=\"wpcf7-form-control wpcf7-textarea wpcf7-validates-as-required\" aria-required=\"true\" aria-invalid=\"false\" name=\"your-message\"><\/textarea><\/span><\/label>\n\n<label><strong>Datei hinzuf\u00fcgen<\/strong> (falls Sie mehrere Dateien haben, senden Sie diese per E-Mail an info@falkin.nl)<\/label><br>\n<span class=\"wpcf7-form-control-wrap\" data-name=\"your-file\"><input size=\"40\" class=\"wpcf7-form-control wpcf7-file\" accept=\".pdf,.jpg,.jpeg,.png,.eps,.ai\" aria-invalid=\"false\" type=\"file\" name=\"your-file\" \/><\/span>\n\n<div style=\"margin:40px 0;\">\n<input class=\"wpcf7-form-control wpcf7-submit has-spinner\" type=\"submit\" value=\"Anfrage senden\" \/>\n<\/div><div class=\"wpcf7-response-output\" aria-hidden=\"true\"><\/div>\n<\/form>\n<\/div>\n[\/vc_column][vc_column width=&#8220;1\/6&#8243;][\/vc_column][\/vc_row][\/vc_section]<\/p>\n<\/div>","protected":false},"excerpt":{"rendered":"<p>[vc_row full_width_css=&#8220;stretch_row_content_no_spaces_css&#8220; full_width=&#8220;stretch_row_content_no_spaces&#8220; conditional_render=&#8220;%5B%7B%22value_role%22%3A%22administrator%22%7D%5D&#8220; css=&#8220;.vc_custom_1729926248521{margin-top: -50px !important;}&#8220;][vc_column][vc_empty_space height=&#8220;117px&#8220; css=&#8220;.vc_custom_1729926394925{background-color: var(&#8211;porto-dark-color) !important;}&#8220; el_class=&#8220;header-achtergrond&#8220;][\/vc_column][\/vc_row][vc_section full_width=&#8220;stretch_row&#8220; conditional_render=&#8220;%5B%7B%22value_role%22%3A%22administrator%22%7D%5D&#8220; css=&#8220;.vc_custom_1729926154001{margin-bottom: 0px !important;padding-top: 120px !important;padding-bottom: 100px !important;background-color: var(&#8211;porto-secondary-color) !important;}&#8220;][vc_row wrap_container=&#8220;yes&#8220; conditional_render=&#8220;%5B%7B%22value_role%22%3A%22administrator%22%7D%5D&#8220;][vc_column width=&#8220;1\/6&#8243;][\/vc_column][vc_column width=&#8220;2\/3&#8243;][vc_column_text css=&#8220;.vc_custom_1719567230848{margin-bottom: 15px !important;}&#8220; text_color=&#8220;var(&#8211;porto-primary-color)&#8220; text_typography=&#8220;{&#8222;family&#8222;:&#8222;Default&#8222;,&#8222;variant&#8222;:&#8222;Default&#8222;,&#8222;font_size&#8222;:&#8222;13&#8222;,&#8222;line_height&#8222;:&#8222;&#8222;,&#8222;letter_spacing&#8222;:&#8222;&#8222;,&#8222;text_transform&#8222;:&#8222;&#8222;}&#8220;]Welches Projekt m\u00f6chten Sie starten?[\/vc_column_text][vc_custom_heading text=&#8220;Angebot anfordern&#8220; font_container=&#8220;tag:h1|text_align:left|color:var(&#8211;porto-quaternary-color)&#8220; use_theme_fonts=&#8220;yes&#8220; css=&#8220;.vc_custom_1719567245113{margin-bottom: 25px !important;}&#8220; el_class=&#8220;header-title&#8220;][vc_column_text css=&#8220;&#8220; text_color=&#8220;var(&#8211;porto-dark-color)&#8220;]Wenn Sie es nicht finden k\u00f6nnen, andere Abmessungen ben\u00f6tigen oder [&hellip;]<\/p>\n","protected":false},"author":1,"featured_media":0,"parent":0,"menu_order":0,"comment_status":"closed","ping_status":"closed","template":"","meta":{"footnotes":""},"class_list":["post-2186","page","type-page","status-publish","hentry"],"yoast_head":"<!-- This site is optimized with the Yoast SEO plugin v27.4 - https:\/\/yoast.com\/product\/yoast-seo-wordpress\/ -->\n<title>Angebot anfordern - Falkin<\/title>\n<meta name=\"robots\" content=\"index, follow, max-snippet:-1, max-image-preview:large, max-video-preview:-1\" \/>\n<link rel=\"canonical\" href=\"https:\/\/falkin.nl\/de\/angebot-anfordern\/\" \/>\n<meta property=\"og:locale\" content=\"de_DE\" \/>\n<meta property=\"og:type\" content=\"article\" \/>\n<meta property=\"og:title\" content=\"Angebot anfordern - Falkin\" \/>\n<meta property=\"og:description\" content=\"[vc_row full_width_css=&#8220;stretch_row_content_no_spaces_css&#8220; full_width=&#8220;stretch_row_content_no_spaces&#8220; conditional_render=&#8220;%5B%7B%22value_role%22%3A%22administrator%22%7D%5D&#8220; css=&#8220;.vc_custom_1729926248521{margin-top: -50px !important;}&#8220;][vc_column][vc_empty_space height=&#8220;117px&#8220; css=&#8220;.vc_custom_1729926394925{background-color: var(&#8211;porto-dark-color) !important;}&#8220; el_class=&#8220;header-achtergrond&#8220;][\/vc_column][\/vc_row][vc_section full_width=&#8220;stretch_row&#8220; conditional_render=&#8220;%5B%7B%22value_role%22%3A%22administrator%22%7D%5D&#8220; css=&#8220;.vc_custom_1729926154001{margin-bottom: 0px !important;padding-top: 120px !important;padding-bottom: 100px !important;background-color: var(&#8211;porto-secondary-color) !important;}&#8220;][vc_row wrap_container=&#8220;yes&#8220; conditional_render=&#8220;%5B%7B%22value_role%22%3A%22administrator%22%7D%5D&#8220;][vc_column width=&#8220;1\/6&#8243;][\/vc_column][vc_column width=&#8220;2\/3&#8243;][vc_column_text css=&#8220;.vc_custom_1719567230848{margin-bottom: 15px !important;}&#8220; text_color=&#8220;var(&#8211;porto-primary-color)&#8220; text_typography=&#8220;{&#8222;family&#8222;:&#8222;Default&#8222;,&#8222;variant&#8222;:&#8222;Default&#8222;,&#8222;font_size&#8222;:&#8222;13&#8222;,&#8222;line_height&#8222;:&#8222;&#8222;,&#8222;letter_spacing&#8222;:&#8222;&#8222;,&#8222;text_transform&#8222;:&#8222;&#8222;}&#8220;]Welches Projekt m\u00f6chten Sie starten?[\/vc_column_text][vc_custom_heading text=&#8220;Angebot anfordern&#8220; font_container=&#8220;tag:h1|text_align:left|color:var(&#8211;porto-quaternary-color)&#8220; use_theme_fonts=&#8220;yes&#8220; css=&#8220;.vc_custom_1719567245113{margin-bottom: 25px !important;}&#8220; el_class=&#8220;header-title&#8220;][vc_column_text css=&#8220;&#8220; text_color=&#8220;var(&#8211;porto-dark-color)&#8220;]Wenn Sie es nicht finden k\u00f6nnen, andere Abmessungen ben\u00f6tigen oder [&hellip;]\" \/>\n<meta property=\"og:url\" content=\"https:\/\/falkin.nl\/de\/angebot-anfordern\/\" \/>\n<meta property=\"og:site_name\" content=\"Falkin\" \/>\n<meta property=\"article:modified_time\" content=\"2024-10-26T07:14:29+00:00\" \/>\n<meta name=\"twitter:card\" content=\"summary_large_image\" \/>\n<meta name=\"twitter:label1\" content=\"Gesch\u00e4tzte Lesezeit\" \/>\n\t<meta name=\"twitter:data1\" content=\"2\u00a0Minuten\" \/>\n<script type=\"application\/ld+json\" class=\"yoast-schema-graph\">{\"@context\":\"https:\\\/\\\/schema.org\",\"@graph\":[{\"@type\":\"WebPage\",\"@id\":\"https:\\\/\\\/falkin.nl\\\/de\\\/angebot-anfordern\\\/\",\"url\":\"https:\\\/\\\/falkin.nl\\\/de\\\/angebot-anfordern\\\/\",\"name\":\"Angebot anfordern - Falkin\",\"isPartOf\":{\"@id\":\"https:\\\/\\\/falkin.nl\\\/de\\\/#website\"},\"datePublished\":\"2024-06-25T08:59:32+00:00\",\"dateModified\":\"2024-10-26T07:14:29+00:00\",\"breadcrumb\":{\"@id\":\"https:\\\/\\\/falkin.nl\\\/de\\\/angebot-anfordern\\\/#breadcrumb\"},\"inLanguage\":\"de\",\"potentialAction\":[{\"@type\":\"ReadAction\",\"target\":[\"https:\\\/\\\/falkin.nl\\\/de\\\/angebot-anfordern\\\/\"]}]},{\"@type\":\"BreadcrumbList\",\"@id\":\"https:\\\/\\\/falkin.nl\\\/de\\\/angebot-anfordern\\\/#breadcrumb\",\"itemListElement\":[{\"@type\":\"ListItem\",\"position\":1,\"name\":\"Home\",\"item\":\"https:\\\/\\\/falkin.nl\\\/de\\\/startseite\\\/\"},{\"@type\":\"ListItem\",\"position\":2,\"name\":\"Angebot anfordern\"}]},{\"@type\":\"WebSite\",\"@id\":\"https:\\\/\\\/falkin.nl\\\/de\\\/#website\",\"url\":\"https:\\\/\\\/falkin.nl\\\/de\\\/\",\"name\":\"Falkin\",\"description\":\"\",\"potentialAction\":[{\"@type\":\"SearchAction\",\"target\":{\"@type\":\"EntryPoint\",\"urlTemplate\":\"https:\\\/\\\/falkin.nl\\\/de\\\/?s={search_term_string}\"},\"query-input\":{\"@type\":\"PropertyValueSpecification\",\"valueRequired\":true,\"valueName\":\"search_term_string\"}}],\"inLanguage\":\"de\"}]}<\/script>\n<!-- \/ Yoast SEO plugin. -->","yoast_head_json":{"title":"Angebot anfordern - Falkin","robots":{"index":"index","follow":"follow","max-snippet":"max-snippet:-1","max-image-preview":"max-image-preview:large","max-video-preview":"max-video-preview:-1"},"canonical":"https:\/\/falkin.nl\/de\/angebot-anfordern\/","og_locale":"de_DE","og_type":"article","og_title":"Angebot anfordern - Falkin","og_description":"[vc_row full_width_css=&#8220;stretch_row_content_no_spaces_css&#8220; full_width=&#8220;stretch_row_content_no_spaces&#8220; conditional_render=&#8220;%5B%7B%22value_role%22%3A%22administrator%22%7D%5D&#8220; css=&#8220;.vc_custom_1729926248521{margin-top: -50px !important;}&#8220;][vc_column][vc_empty_space height=&#8220;117px&#8220; css=&#8220;.vc_custom_1729926394925{background-color: var(&#8211;porto-dark-color) !important;}&#8220; el_class=&#8220;header-achtergrond&#8220;][\/vc_column][\/vc_row][vc_section full_width=&#8220;stretch_row&#8220; conditional_render=&#8220;%5B%7B%22value_role%22%3A%22administrator%22%7D%5D&#8220; css=&#8220;.vc_custom_1729926154001{margin-bottom: 0px !important;padding-top: 120px !important;padding-bottom: 100px !important;background-color: var(&#8211;porto-secondary-color) !important;}&#8220;][vc_row wrap_container=&#8220;yes&#8220; conditional_render=&#8220;%5B%7B%22value_role%22%3A%22administrator%22%7D%5D&#8220;][vc_column width=&#8220;1\/6&#8243;][\/vc_column][vc_column width=&#8220;2\/3&#8243;][vc_column_text css=&#8220;.vc_custom_1719567230848{margin-bottom: 15px !important;}&#8220; text_color=&#8220;var(&#8211;porto-primary-color)&#8220; text_typography=&#8220;{&#8222;family&#8222;:&#8222;Default&#8222;,&#8222;variant&#8222;:&#8222;Default&#8222;,&#8222;font_size&#8222;:&#8222;13&#8222;,&#8222;line_height&#8222;:&#8222;&#8222;,&#8222;letter_spacing&#8222;:&#8222;&#8222;,&#8222;text_transform&#8222;:&#8222;&#8222;}&#8220;]Welches Projekt m\u00f6chten Sie starten?[\/vc_column_text][vc_custom_heading text=&#8220;Angebot anfordern&#8220; font_container=&#8220;tag:h1|text_align:left|color:var(&#8211;porto-quaternary-color)&#8220; use_theme_fonts=&#8220;yes&#8220; css=&#8220;.vc_custom_1719567245113{margin-bottom: 25px !important;}&#8220; el_class=&#8220;header-title&#8220;][vc_column_text css=&#8220;&#8220; text_color=&#8220;var(&#8211;porto-dark-color)&#8220;]Wenn Sie es nicht finden k\u00f6nnen, andere Abmessungen ben\u00f6tigen oder [&hellip;]","og_url":"https:\/\/falkin.nl\/de\/angebot-anfordern\/","og_site_name":"Falkin","article_modified_time":"2024-10-26T07:14:29+00:00","twitter_card":"summary_large_image","twitter_misc":{"Gesch\u00e4tzte Lesezeit":"2\u00a0Minuten"},"schema":{"@context":"https:\/\/schema.org","@graph":[{"@type":"WebPage","@id":"https:\/\/falkin.nl\/de\/angebot-anfordern\/","url":"https:\/\/falkin.nl\/de\/angebot-anfordern\/","name":"Angebot anfordern - Falkin","isPartOf":{"@id":"https:\/\/falkin.nl\/de\/#website"},"datePublished":"2024-06-25T08:59:32+00:00","dateModified":"2024-10-26T07:14:29+00:00","breadcrumb":{"@id":"https:\/\/falkin.nl\/de\/angebot-anfordern\/#breadcrumb"},"inLanguage":"de","potentialAction":[{"@type":"ReadAction","target":["https:\/\/falkin.nl\/de\/angebot-anfordern\/"]}]},{"@type":"BreadcrumbList","@id":"https:\/\/falkin.nl\/de\/angebot-anfordern\/#breadcrumb","itemListElement":[{"@type":"ListItem","position":1,"name":"Home","item":"https:\/\/falkin.nl\/de\/startseite\/"},{"@type":"ListItem","position":2,"name":"Angebot anfordern"}]},{"@type":"WebSite","@id":"https:\/\/falkin.nl\/de\/#website","url":"https:\/\/falkin.nl\/de\/","name":"Falkin","description":"","potentialAction":[{"@type":"SearchAction","target":{"@type":"EntryPoint","urlTemplate":"https:\/\/falkin.nl\/de\/?s={search_term_string}"},"query-input":{"@type":"PropertyValueSpecification","valueRequired":true,"valueName":"search_term_string"}}],"inLanguage":"de"}]}},"_links":{"self":[{"href":"https:\/\/falkin.nl\/de\/wp-json\/wp\/v2\/pages\/2186","targetHints":{"allow":["GET"]}}],"collection":[{"href":"https:\/\/falkin.nl\/de\/wp-json\/wp\/v2\/pages"}],"about":[{"href":"https:\/\/falkin.nl\/de\/wp-json\/wp\/v2\/types\/page"}],"author":[{"embeddable":true,"href":"https:\/\/falkin.nl\/de\/wp-json\/wp\/v2\/users\/1"}],"replies":[{"embeddable":true,"href":"https:\/\/falkin.nl\/de\/wp-json\/wp\/v2\/comments?post=2186"}],"version-history":[{"count":6,"href":"https:\/\/falkin.nl\/de\/wp-json\/wp\/v2\/pages\/2186\/revisions"}],"predecessor-version":[{"id":2492,"href":"https:\/\/falkin.nl\/de\/wp-json\/wp\/v2\/pages\/2186\/revisions\/2492"}],"wp:attachment":[{"href":"https:\/\/falkin.nl\/de\/wp-json\/wp\/v2\/media?parent=2186"}],"curies":[{"name":"wp","href":"https:\/\/api.w.org\/{rel}","templated":true}]}}