{"id":2221,"date":"2024-06-25T09:01:57","date_gmt":"2024-06-25T09:01:57","guid":{"rendered":"https:\/\/falkin.nl\/bereich-werbung\/"},"modified":"2024-10-25T09:24:36","modified_gmt":"2024-10-25T09:24:36","slug":"bereich-werbung","status":"publish","type":"page","link":"https:\/\/falkin.nl\/de\/produkte\/bereich-werbung\/","title":{"rendered":"Bereich Werbung"},"content":{"rendered":"<div class=\"wpb-content-wrapper\"><p>[vc_section full_width=&#8220;stretch_row&#8220; el_class=&#8220;blue-gradient&#8220; conditional_render=&#8220;%5B%7B%22value_role%22%3A%22administrator%22%7D%5D&#8220; css=&#8220;.vc_custom_1719583408854{margin-top: -50px !important;margin-bottom: 0px !important;padding-top: 250px !important;padding-right: 30px !important;padding-bottom: 100px !important;padding-left: 30px !important;}&#8220;][vc_row wrap_container=&#8220;yes&#8220; conditional_render=&#8220;%5B%7B%22value_role%22%3A%22administrator%22%7D%5D&#8220;][vc_column width=&#8220;1\/6&#8243;][\/vc_column][vc_column width=&#8220;2\/3&#8243;][vc_column_text css=&#8220;.vc_custom_1719668359594{margin-bottom: 10px !important;}&#8220; text_color=&#8220;var(&#8211;porto-secondary-color)&#8220; text_typography=&#8220;{&#8222;family&#8222;:&#8222;Default&#8222;,&#8222;variant&#8222;:&#8222;Default&#8222;,&#8222;font_size&#8222;:&#8222;13px&#8222;,&#8222;line_height&#8222;:&#8222;&#8222;,&#8222;letter_spacing&#8222;:&#8222;&#8222;,&#8222;text_transform&#8222;:&#8222;&#8222;}&#8220;]PROMOTION[\/vc_column_text][vc_custom_heading text=&#8220;<br \/> Keine Sorge, wir helfen Ihnen von A bis Z&#8220; font_container=&#8220;tag:h1|text_align:left|color:var(&#8211;porto-tertiary-color)&#8220; use_theme_fonts=&#8220;yes&#8220; css=&#8220;.vc_custom_1719671213722{margin-bottom: 25px !important;}&#8220; el_class=&#8220;header-title&#8220;][vc_column_text css=&#8220;&#8220; text_color=&#8220;var(&#8211;porto-light-color)&#8220; text_typography=&#8220;{&#8222;family&#8222;:&#8222;Default&#8222;,&#8222;variant&#8222;:&#8222;Default&#8222;,&#8222;font_size&#8222;:&#8222;&#8222;,&#8222;line_height&#8222;:&#8222;&#8222;,&#8222;letter_spacing&#8222;:&#8222;&#8222;,&#8222;text_transform&#8222;:&#8222;&#8222;}&#8220;]Das FALKIN-Team verf\u00fcgt \u00fcber langj\u00e4hrige Erfahrung in der Baubranche und konnte so ein umfangreiches Netzwerk aufbauen. Dieses Wissen und die vielen damit verbundenen Handelsprodukte erm\u00f6glichen es uns, Sie perfekt zu informieren und zu beraten![\/vc_column_text][\/vc_column][vc_column width=&#8220;1\/6&#8243;][\/vc_column][\/vc_row][\/vc_section][vc_row full_width_css=&#8220;stretch_row_content_no_spaces_css&#8220; full_width=&#8220;stretch_row_content_no_spaces&#8220; css=&#8220;.vc_custom_1719487025522{margin-top: 0px !important;margin-right: 0px !important;margin-bottom: 0px !important;margin-left: 0px !important;padding-top: 0px !important;padding-right: 0px !important;padding-bottom: 0px !important;padding-left: 0px !important;background-color: var(&#8211;porto-secondary-color) !important;}&#8220; conditional_render=&#8220;%5B%7B%22value_role%22%3A%22administrator%22%7D%5D&#8220;][vc_column css=&#8220;.vc_custom_1719318870498{margin-top: 0px !important;margin-right: 0px !important;margin-bottom: 0px !important;margin-left: 0px !important;padding-top: 0px !important;padding-right: 0px !important;padding-bottom: 0px !important;padding-left: 0px !important;}&#8220; conditional_render=&#8220;%5B%7B%22value_role%22%3A%22administrator%22%7D%5D&#8220;]<div class=\"porto-carousel owl-carousel has-ccols ccols-xl-3 ccols-lg-3 ccols-md-3 ccols-sm-2 ccols-1 wpb_custom_2c1c45c292526ccd71e4170c056d3ae0\" data-plugin-options=\"{&quot;themeConfig&quot;:true,&quot;stagePadding&quot;:0,&quot;margin&quot;:0,&quot;autoplay&quot;:&quot;yes&quot;,&quot;mouseDrag&quot;:false,&quot;touchDrag&quot;:false,&quot;autoplayTimeout&quot;:5000,&quot;autoplayHoverPause&quot;:false,&quot;items&quot;:3,&quot;xl&quot;:3,&quot;lg&quot;:3,&quot;md&quot;:3,&quot;sm&quot;:2,&quot;xs&quot;:1,&quot;nav&quot;:false,&quot;dots&quot;:false,&quot;animateIn&quot;:&quot;&quot;,&quot;animateOut&quot;:&quot;&quot;,&quot;loop&quot;:&quot;yes&quot;,&quot;center&quot;:&quot;yes&quot;,&quot;video&quot;:false,&quot;lazyLoad&quot;:false,&quot;fullscreen&quot;:false}\">[vc_single_image image=&#8220;1424&#8243; img_size=&#8220;full&#8220; css=&#8220;&#8220; label=&#8220;&#8220;][vc_single_image image=&#8220;1440&#8243; img_size=&#8220;full&#8220; css=&#8220;&#8220; label=&#8220;&#8220;][vc_single_image image=&#8220;1439&#8243; img_size=&#8220;full&#8220; css=&#8220;&#8220; label=&#8220;&#8220;][vc_single_image image=&#8220;1449&#8243; img_size=&#8220;full&#8220; css=&#8220;&#8220; label=&#8220;&#8220;][vc_single_image image=&#8220;1451&#8243; img_size=&#8220;full&#8220; css=&#8220;&#8220; label=&#8220;&#8220;][vc_single_image image=&#8220;1455&#8243; img_size=&#8220;full&#8220; css=&#8220;&#8220; label=&#8220;&#8220;]<\/div>[\/vc_column][\/vc_row][vc_section full_width=&#8220;stretch_row&#8220; css=&#8220;.vc_custom_1719658121724{margin-top: 0px !important;padding-top: 25px !important;padding-right: 30px !important;padding-bottom: 25px !important;padding-left: 30px !important;background-color: var(&#8211;porto-secondary-color) !important;}&#8220; conditional_render=&#8220;%5B%7B%22value_role%22%3A%22administrator%22%7D%5D&#8220;][vc_row wrap_container=&#8220;yes&#8220; equal_height=&#8220;yes&#8220; content_placement=&#8220;middle&#8220; conditional_render=&#8220;%5B%7B%22value_role%22%3A%22administrator%22%7D%5D&#8220; css=&#8220;.vc_custom_1719585068238{border-bottom-width: 1px !important;padding-top: 50px !important;padding-bottom: 50px !important;border-bottom-style: solid !important;border-color: #c3ddee !important;}&#8220;][vc_column width=&#8220;5\/12&#8243; conditional_render=&#8220;%5B%7B%22value_role%22%3A%22administrator%22%7D%5D&#8220; el_class=&#8220;product-afbeelding&#8220;][vc_single_image image=&#8220;1424&#8243; img_size=&#8220;full&#8220; css=&#8220;.vc_custom_1726754938911{margin-bottom: 0px !important;}&#8220; label=&#8220;&#8220;][\/vc_column][vc_column width=&#8220;1\/12&#8243; conditional_render=&#8220;%5B%7B%22value_role%22%3A%22administrator%22%7D%5D&#8220;][\/vc_column][vc_column width=&#8220;1\/2&#8243; text_align=&#8220;left&#8220; conditional_render=&#8220;%5B%7B%22value_role%22%3A%22administrator%22%7D%5D&#8220;]<div class=\"porto-u-heading  wpb_custom_95aa9a11c17ad45cfabaf210d84ee7cc porto-u-1260 \"><div class=\"porto-u-main-heading\"><h3   style=\"color:var(--porto-quaternary-color);margin-bottom: 15px;\">Kaffeebecher<\/h3><\/div><div class=\"porto-u-sub-heading\" style=\"color: var(--porto-quaternary-color);margin-bottom:15px;\">\n<div class=\"default-style\">\n<div class=\"default-style\">Pappbecher in Farbe, f\u00fcr hei\u00dfe und kalte Getr\u00e4nke<\/div>\n<div>Kaffeebecher sind nicht nur funktional, sondern auch eine gro\u00dfartige M\u00f6glichkeit, um auf Ihre Marke aufmerksam zu machen. Jedes Mal, wenn jemand einen Schluck nimmt, wird Ihr Logo oder Ihre Botschaft gesehen. <\/div>\n<\/div>\n<p><\/div><style>.porto-u-1260.porto-u-heading{text-align:left}<\/style><\/div>[vc_btn title=&#8220;Mehr Informationen&#8220; shape=&#8220;round&#8220; color=&#8220;white&#8220; size=&#8220;lg&#8220; css=&#8220;.vc_custom_1719668736833{margin-bottom: 15px !important;}&#8220; btn_fs=&#8220;14&#8243; btn_fw=&#8220;400&#8243; link=&#8220;url:https%3A%2F%2Ffalkin.nl%2Fde%2Fkaffeebecher%2F|title:Kaffeebecher|&#8220; btn_px=&#8220;25px&#8220; btn_py=&#8220;12px&#8220;][\/vc_column][\/vc_row][vc_row wrap_container=&#8220;yes&#8220; equal_height=&#8220;yes&#8220; content_placement=&#8220;middle&#8220; conditional_render=&#8220;%5B%7B%22value_role%22%3A%22administrator%22%7D%5D&#8220; css=&#8220;.vc_custom_1719582284516{border-bottom-width: 1px !important;padding-top: 50px !important;padding-bottom: 50px !important;border-bottom-style: solid !important;border-color: #c3ddee !important;}&#8220;][vc_column width=&#8220;5\/12&#8243; conditional_render=&#8220;%5B%7B%22value_role%22%3A%22administrator%22%7D%5D&#8220; el_class=&#8220;product-afbeelding&#8220;][vc_single_image image=&#8220;1440&#8243; img_size=&#8220;full&#8220; css=&#8220;.vc_custom_1726754410464{margin-bottom: 0px !important;}&#8220;][\/vc_column][vc_column width=&#8220;1\/12&#8243; conditional_render=&#8220;%5B%7B%22value_role%22%3A%22administrator%22%7D%5D&#8220;][\/vc_column][vc_column width=&#8220;1\/2&#8243; text_align=&#8220;left&#8220; conditional_render=&#8220;%5B%7B%22value_role%22%3A%22administrator%22%7D%5D&#8220;]<div class=\"porto-u-heading  wpb_custom_95aa9a11c17ad45cfabaf210d84ee7cc porto-u-3461 \"><div class=\"porto-u-main-heading\"><h3   style=\"color:var(--porto-quaternary-color);margin-bottom: 15px;\">Klebeband mit Ihrem eigenen Aufdruck<\/h3><\/div><div class=\"porto-u-sub-heading\" style=\"color: var(--porto-quaternary-color);margin-bottom:15px;\">\n<div class=\"default-style\">\n<div class=\"default-style\">Verpacken Sie Sendungen mit Ihrem eigenen erkennbaren Band.<br \/>  Werbung auf einfache Art und Weise mit einem professionelleren Erscheinungsbild<\/div>\n<div class=\"default-style\">\n<p>Bedrucktes Klebeband ist ein untersch\u00e4tztes Werbemittel. Auch wenn es auf den ersten Blick einfach erscheint, kann es auf Kartons, Umschl\u00e4gen oder Paketen einen bleibenden Eindruck hinterlassen. Jedes Mal, wenn ein Paket mit Ihrem bedruckten Klebeband ausgeliefert wird, erh\u00f6hen Sie den Wiedererkennungswert Ihres Unternehmens.  <\/p><\/div>\n<\/div>\n<p><\/div><style>.porto-u-3461.porto-u-heading{text-align:left}<\/style><\/div>[vc_btn title=&#8220;Mehr Informationen&#8220; shape=&#8220;round&#8220; color=&#8220;white&#8220; size=&#8220;lg&#8220; css=&#8220;.vc_custom_1719668728403{margin-bottom: 15px !important;}&#8220; btn_fs=&#8220;14&#8243; btn_fw=&#8220;400&#8243; link=&#8220;url:https%3A%2F%2Ffalkin.nl%2Fde%2Fklebeband%2F|title:Band|&#8220; btn_px=&#8220;25px&#8220; btn_py=&#8220;12px&#8220;][\/vc_column][\/vc_row][vc_row wrap_container=&#8220;yes&#8220; equal_height=&#8220;yes&#8220; content_placement=&#8220;middle&#8220; conditional_render=&#8220;%5B%7B%22value_role%22%3A%22administrator%22%7D%5D&#8220; css=&#8220;.vc_custom_1719582291105{border-bottom-width: 1px !important;padding-top: 50px !important;padding-bottom: 50px !important;border-bottom-style: solid !important;border-color: #c3ddee !important;}&#8220;][vc_column width=&#8220;5\/12&#8243; conditional_render=&#8220;%5B%7B%22value_role%22%3A%22administrator%22%7D%5D&#8220; el_class=&#8220;product-afbeelding&#8220;][vc_single_image image=&#8220;1448&#8243; img_size=&#8220;full&#8220; css=&#8220;.vc_custom_1726754446012{margin-bottom: 0px !important;}&#8220;][\/vc_column][vc_column width=&#8220;1\/12&#8243; conditional_render=&#8220;%5B%7B%22value_role%22%3A%22administrator%22%7D%5D&#8220;][\/vc_column][vc_column width=&#8220;1\/2&#8243; text_align=&#8220;left&#8220; conditional_render=&#8220;%5B%7B%22value_role%22%3A%22administrator%22%7D%5D&#8220;]<div class=\"porto-u-heading  wpb_custom_95aa9a11c17ad45cfabaf210d84ee7cc porto-u-4533 \"><div class=\"porto-u-main-heading\"><h3   style=\"color:var(--porto-quaternary-color);margin-bottom: 15px;\">Reinigungsmatten<\/h3><\/div><div class=\"porto-u-sub-heading\" style=\"color: var(--porto-quaternary-color);margin-bottom:15px;\">\n<div class=\"wpb_text_column wpb_content_element \">\n<div class=\"wpb_wrapper\">\n<div class=\"default-style\">\n<div class=\"wpb_text_column wpb_content_element \">\n<div class=\"wpb_wrapper\">\n<p>Logo-Gehwegmatten sind funktional und werben gleichzeitig f\u00fcr Ihre Marke. Sie halten Schmutz fern und vermitteln mit Ihrem Logo einen starken ersten Eindruck. Das ist eine praktische und effektive M\u00f6glichkeit, Ihre Marke hervorzuheben.  <\/p><\/div>\n<\/div>\n<\/div>\n<\/div>\n<\/div>\n<p><\/div><style>.porto-u-4533.porto-u-heading{text-align:left}<\/style><\/div>[vc_btn title=&#8220;Mehr Informationen&#8220; shape=&#8220;round&#8220; color=&#8220;white&#8220; size=&#8220;lg&#8220; css=&#8220;.vc_custom_1719668758250{margin-bottom: 15px !important;}&#8220; btn_fs=&#8220;14&#8243; btn_fw=&#8220;400&#8243; link=&#8220;url:https%3A%2F%2Ffalkin.nl%2Fde%2Freinigungsmatten%2F|title:Reinigungsmatten|&#8220; btn_px=&#8220;25px&#8220; btn_py=&#8220;12px&#8220;][\/vc_column][\/vc_row][vc_row wrap_container=&#8220;yes&#8220; equal_height=&#8220;yes&#8220; content_placement=&#8220;middle&#8220; conditional_render=&#8220;%5B%7B%22value_role%22%3A%22administrator%22%7D%5D&#8220; css=&#8220;.vc_custom_1719582309824{padding-top: 50px !important;padding-bottom: 50px !important;border-color: #c3ddee !important;}&#8220;][vc_column width=&#8220;5\/12&#8243; conditional_render=&#8220;%5B%7B%22value_role%22%3A%22administrator%22%7D%5D&#8220; el_class=&#8220;product-afbeelding&#8220;][vc_single_image image=&#8220;1463&#8243; img_size=&#8220;full&#8220; css=&#8220;.vc_custom_1726754458129{margin-bottom: 0px !important;}&#8220;][\/vc_column][vc_column width=&#8220;1\/12&#8243; conditional_render=&#8220;%5B%7B%22value_role%22%3A%22administrator%22%7D%5D&#8220;][\/vc_column][vc_column width=&#8220;1\/2&#8243; text_align=&#8220;left&#8220; conditional_render=&#8220;%5B%7B%22value_role%22%3A%22administrator%22%7D%5D&#8220;]<div class=\"porto-u-heading  wpb_custom_95aa9a11c17ad45cfabaf210d84ee7cc porto-u-3808 \"><div class=\"porto-u-main-heading\"><h3   style=\"color:var(--porto-quaternary-color);margin-bottom: 15px;\">Beleuchtung des Fahnenmastes<\/h3><\/div><div class=\"porto-u-sub-heading\" style=\"color: var(--porto-quaternary-color);margin-bottom:15px;\">\n<div class=\"wpb_text_column wpb_content_element \">\n<div class=\"wpb_wrapper\">\n<div class=\"default-style\">Ersetzen Sie einfach Ihre Fahne f\u00fcr diesen Stimmungsbaum mit gut best\u00fcckten LED-Lichtern. Er verleiht der Umgebung eine festliche Atmosph\u00e4re und bringt auf eindrucksvolle Weise Weihnachtsstimmung in Au\u00dfenbereiche und Stra\u00dfen. <\/div>\n<\/div>\n<\/div>\n<p><\/div><style>.porto-u-3808.porto-u-heading{text-align:left}<\/style><\/div>[vc_btn title=&#8220;Mehr Informationen&#8220; shape=&#8220;round&#8220; color=&#8220;white&#8220; size=&#8220;lg&#8220; css=&#8220;.vc_custom_1719668775499{margin-bottom: 15px !important;}&#8220; btn_fs=&#8220;14&#8243; btn_fw=&#8220;400&#8243; link=&#8220;url:https%3A%2F%2Ffalkin.nl%2Fde%2Fbeleuchtung-des-fahnenmastes%2F|title:Beleuchtung%20des%20Fahnenmastes|&#8220; btn_px=&#8220;25px&#8220; btn_py=&#8220;12px&#8220;][\/vc_column][\/vc_row][\/vc_section][vc_section full_width=&#8220;stretch_row&#8220; conditional_render=&#8220;%5B%7B%22value_role%22%3A%22administrator%22%7D%5D&#8220; el_class=&#8220;blue-gradient&#8220; css=&#8220;.vc_custom_1719585115754{margin-bottom: -50px !important;padding-top: 125px !important;padding-right: 30px !important;padding-bottom: 125px !important;padding-left: 30px !important;}&#8220;][vc_row full_width_css=&#8220;stretch_row_css&#8220; wrap_container=&#8220;yes&#8220; conditional_render=&#8220;%5B%7B%22value_role%22%3A%22administrator%22%7D%5D&#8220;][vc_column][vc_custom_heading text=&#8220;Nicht gefunden, was Sie suchen? Wir denken gerne mit Ihnen mit &#8220; font_container=&#8220;tag:h3|text_align:center|color:var(&#8211;porto-light-color)&#8220; use_theme_fonts=&#8220;yes&#8220; css=&#8220;&#8220;][vc_column_text css=&#8220;&#8220; text_color=&#8220;var(&#8211;porto-light-color)&#8220;]<\/p>\n<p style=\"text-align: center;\">Wir w\u00fcrden uns gerne mit Ihnen in Verbindung setzen, um Ihre Anforderungen zu besprechen.<\/p>\n<p>[\/vc_column_text][vc_btn title=&#8220;Kontakt aufnehmen&#8220; shape=&#8220;round&#8220; color=&#8220;white&#8220; size=&#8220;lg&#8220; align=&#8220;center&#8220; css=&#8220;.vc_custom_1719492202280{margin-bottom: 15px !important;}&#8220; btn_fs=&#8220;14&#8243; btn_fw=&#8220;400&#8243; link=&#8220;url:https%3A%2F%2Ffalkin.nl%2Fde%2Fkontakt%2F|title:Bereich%20Werbung|&#8220; btn_px=&#8220;25px&#8220; btn_py=&#8220;15px&#8220;][\/vc_column][\/vc_row][\/vc_section]<\/p>\n<\/div>","protected":false},"excerpt":{"rendered":"<p>[vc_section full_width=&#8220;stretch_row&#8220; el_class=&#8220;blue-gradient&#8220; conditional_render=&#8220;%5B%7B%22value_role%22%3A%22administrator%22%7D%5D&#8220; css=&#8220;.vc_custom_1719583408854{margin-top: -50px !important;margin-bottom: 0px !important;padding-top: 250px !important;padding-right: 30px !important;padding-bottom: 100px !important;padding-left: 30px !important;}&#8220;][vc_row wrap_container=&#8220;yes&#8220; conditional_render=&#8220;%5B%7B%22value_role%22%3A%22administrator%22%7D%5D&#8220;][vc_column width=&#8220;1\/6&#8243;][\/vc_column][vc_column width=&#8220;2\/3&#8243;][vc_column_text css=&#8220;.vc_custom_1719668359594{margin-bottom: 10px !important;}&#8220; text_color=&#8220;var(&#8211;porto-secondary-color)&#8220; text_typography=&#8220;{&#8222;family&#8222;:&#8222;Default&#8222;,&#8222;variant&#8222;:&#8222;Default&#8222;,&#8222;font_size&#8222;:&#8222;13px&#8222;,&#8222;line_height&#8222;:&#8222;&#8222;,&#8222;letter_spacing&#8222;:&#8222;&#8222;,&#8222;text_transform&#8222;:&#8222;&#8222;}&#8220;]PROMOTION[\/vc_column_text][vc_custom_heading text=&#8220; Keine Sorge, wir helfen Ihnen von A bis Z&#8220; font_container=&#8220;tag:h1|text_align:left|color:var(&#8211;porto-tertiary-color)&#8220; use_theme_fonts=&#8220;yes&#8220; css=&#8220;.vc_custom_1719671213722{margin-bottom: 25px !important;}&#8220; el_class=&#8220;header-title&#8220;][vc_column_text css=&#8220;&#8220; text_color=&#8220;var(&#8211;porto-light-color)&#8220; text_typography=&#8220;{&#8222;family&#8222;:&#8222;Default&#8222;,&#8222;variant&#8222;:&#8222;Default&#8222;,&#8222;font_size&#8222;:&#8222;&#8222;,&#8222;line_height&#8222;:&#8222;&#8222;,&#8222;letter_spacing&#8222;:&#8222;&#8222;,&#8222;text_transform&#8222;:&#8222;&#8222;}&#8220;]Das FALKIN-Team verf\u00fcgt \u00fcber langj\u00e4hrige Erfahrung in der Baubranche und konnte [&hellip;]<\/p>\n","protected":false},"author":1,"featured_media":0,"parent":2330,"menu_order":8,"comment_status":"closed","ping_status":"closed","template":"","meta":{"footnotes":""},"class_list":["post-2221","page","type-page","status-publish","hentry"],"yoast_head":"<!-- This site is optimized with the Yoast SEO plugin v27.4 - https:\/\/yoast.com\/product\/yoast-seo-wordpress\/ -->\n<title>Bereich Werbung - Falkin<\/title>\n<meta name=\"robots\" content=\"index, follow, max-snippet:-1, max-image-preview:large, max-video-preview:-1\" \/>\n<link rel=\"canonical\" href=\"https:\/\/falkin.nl\/de\/produkte\/bereich-werbung\/\" \/>\n<meta property=\"og:locale\" content=\"de_DE\" \/>\n<meta property=\"og:type\" content=\"article\" \/>\n<meta property=\"og:title\" content=\"Bereich Werbung - Falkin\" \/>\n<meta property=\"og:description\" content=\"[vc_section full_width=&#8220;stretch_row&#8220; el_class=&#8220;blue-gradient&#8220; conditional_render=&#8220;%5B%7B%22value_role%22%3A%22administrator%22%7D%5D&#8220; css=&#8220;.vc_custom_1719583408854{margin-top: -50px !important;margin-bottom: 0px !important;padding-top: 250px !important;padding-right: 30px !important;padding-bottom: 100px !important;padding-left: 30px !important;}&#8220;][vc_row wrap_container=&#8220;yes&#8220; conditional_render=&#8220;%5B%7B%22value_role%22%3A%22administrator%22%7D%5D&#8220;][vc_column width=&#8220;1\/6&#8243;][\/vc_column][vc_column width=&#8220;2\/3&#8243;][vc_column_text css=&#8220;.vc_custom_1719668359594{margin-bottom: 10px !important;}&#8220; text_color=&#8220;var(&#8211;porto-secondary-color)&#8220; text_typography=&#8220;{&#8222;family&#8222;:&#8222;Default&#8222;,&#8222;variant&#8222;:&#8222;Default&#8222;,&#8222;font_size&#8222;:&#8222;13px&#8222;,&#8222;line_height&#8222;:&#8222;&#8222;,&#8222;letter_spacing&#8222;:&#8222;&#8222;,&#8222;text_transform&#8222;:&#8222;&#8222;}&#8220;]PROMOTION[\/vc_column_text][vc_custom_heading text=&#8220; Keine Sorge, wir helfen Ihnen von A bis Z&#8220; font_container=&#8220;tag:h1|text_align:left|color:var(&#8211;porto-tertiary-color)&#8220; use_theme_fonts=&#8220;yes&#8220; css=&#8220;.vc_custom_1719671213722{margin-bottom: 25px !important;}&#8220; el_class=&#8220;header-title&#8220;][vc_column_text css=&#8220;&#8220; text_color=&#8220;var(&#8211;porto-light-color)&#8220; text_typography=&#8220;{&#8222;family&#8222;:&#8222;Default&#8222;,&#8222;variant&#8222;:&#8222;Default&#8222;,&#8222;font_size&#8222;:&#8222;&#8222;,&#8222;line_height&#8222;:&#8222;&#8222;,&#8222;letter_spacing&#8222;:&#8222;&#8222;,&#8222;text_transform&#8222;:&#8222;&#8222;}&#8220;]Das FALKIN-Team verf\u00fcgt \u00fcber langj\u00e4hrige Erfahrung in der Baubranche und konnte [&hellip;]\" \/>\n<meta property=\"og:url\" content=\"https:\/\/falkin.nl\/de\/produkte\/bereich-werbung\/\" \/>\n<meta property=\"og:site_name\" content=\"Falkin\" \/>\n<meta property=\"article:modified_time\" content=\"2024-10-25T09:24:36+00:00\" \/>\n<meta name=\"twitter:card\" content=\"summary_large_image\" \/>\n<meta name=\"twitter:label1\" content=\"Gesch\u00e4tzte Lesezeit\" \/>\n\t<meta name=\"twitter:data1\" content=\"7\u00a0Minuten\" \/>\n<script type=\"application\/ld+json\" class=\"yoast-schema-graph\">{\"@context\":\"https:\\\/\\\/schema.org\",\"@graph\":[{\"@type\":\"WebPage\",\"@id\":\"https:\\\/\\\/falkin.nl\\\/de\\\/produkte\\\/bereich-werbung\\\/\",\"url\":\"https:\\\/\\\/falkin.nl\\\/de\\\/produkte\\\/bereich-werbung\\\/\",\"name\":\"Bereich Werbung - Falkin\",\"isPartOf\":{\"@id\":\"https:\\\/\\\/falkin.nl\\\/de\\\/#website\"},\"datePublished\":\"2024-06-25T09:01:57+00:00\",\"dateModified\":\"2024-10-25T09:24:36+00:00\",\"breadcrumb\":{\"@id\":\"https:\\\/\\\/falkin.nl\\\/de\\\/produkte\\\/bereich-werbung\\\/#breadcrumb\"},\"inLanguage\":\"de\",\"potentialAction\":[{\"@type\":\"ReadAction\",\"target\":[\"https:\\\/\\\/falkin.nl\\\/de\\\/produkte\\\/bereich-werbung\\\/\"]}]},{\"@type\":\"BreadcrumbList\",\"@id\":\"https:\\\/\\\/falkin.nl\\\/de\\\/produkte\\\/bereich-werbung\\\/#breadcrumb\",\"itemListElement\":[{\"@type\":\"ListItem\",\"position\":1,\"name\":\"Home\",\"item\":\"https:\\\/\\\/falkin.nl\\\/de\\\/startseite\\\/\"},{\"@type\":\"ListItem\",\"position\":2,\"name\":\"Produkte\",\"item\":\"https:\\\/\\\/falkin.nl\\\/de\\\/produkte\\\/\"},{\"@type\":\"ListItem\",\"position\":3,\"name\":\"Bereich Werbung\"}]},{\"@type\":\"WebSite\",\"@id\":\"https:\\\/\\\/falkin.nl\\\/de\\\/#website\",\"url\":\"https:\\\/\\\/falkin.nl\\\/de\\\/\",\"name\":\"Falkin\",\"description\":\"\",\"potentialAction\":[{\"@type\":\"SearchAction\",\"target\":{\"@type\":\"EntryPoint\",\"urlTemplate\":\"https:\\\/\\\/falkin.nl\\\/de\\\/?s={search_term_string}\"},\"query-input\":{\"@type\":\"PropertyValueSpecification\",\"valueRequired\":true,\"valueName\":\"search_term_string\"}}],\"inLanguage\":\"de\"}]}<\/script>\n<!-- \/ Yoast SEO plugin. -->","yoast_head_json":{"title":"Bereich Werbung - Falkin","robots":{"index":"index","follow":"follow","max-snippet":"max-snippet:-1","max-image-preview":"max-image-preview:large","max-video-preview":"max-video-preview:-1"},"canonical":"https:\/\/falkin.nl\/de\/produkte\/bereich-werbung\/","og_locale":"de_DE","og_type":"article","og_title":"Bereich Werbung - Falkin","og_description":"[vc_section full_width=&#8220;stretch_row&#8220; el_class=&#8220;blue-gradient&#8220; conditional_render=&#8220;%5B%7B%22value_role%22%3A%22administrator%22%7D%5D&#8220; css=&#8220;.vc_custom_1719583408854{margin-top: -50px !important;margin-bottom: 0px !important;padding-top: 250px !important;padding-right: 30px !important;padding-bottom: 100px !important;padding-left: 30px !important;}&#8220;][vc_row wrap_container=&#8220;yes&#8220; conditional_render=&#8220;%5B%7B%22value_role%22%3A%22administrator%22%7D%5D&#8220;][vc_column width=&#8220;1\/6&#8243;][\/vc_column][vc_column width=&#8220;2\/3&#8243;][vc_column_text css=&#8220;.vc_custom_1719668359594{margin-bottom: 10px !important;}&#8220; text_color=&#8220;var(&#8211;porto-secondary-color)&#8220; text_typography=&#8220;{&#8222;family&#8222;:&#8222;Default&#8222;,&#8222;variant&#8222;:&#8222;Default&#8222;,&#8222;font_size&#8222;:&#8222;13px&#8222;,&#8222;line_height&#8222;:&#8222;&#8222;,&#8222;letter_spacing&#8222;:&#8222;&#8222;,&#8222;text_transform&#8222;:&#8222;&#8222;}&#8220;]PROMOTION[\/vc_column_text][vc_custom_heading text=&#8220; Keine Sorge, wir helfen Ihnen von A bis Z&#8220; font_container=&#8220;tag:h1|text_align:left|color:var(&#8211;porto-tertiary-color)&#8220; use_theme_fonts=&#8220;yes&#8220; css=&#8220;.vc_custom_1719671213722{margin-bottom: 25px !important;}&#8220; el_class=&#8220;header-title&#8220;][vc_column_text css=&#8220;&#8220; text_color=&#8220;var(&#8211;porto-light-color)&#8220; text_typography=&#8220;{&#8222;family&#8222;:&#8222;Default&#8222;,&#8222;variant&#8222;:&#8222;Default&#8222;,&#8222;font_size&#8222;:&#8222;&#8222;,&#8222;line_height&#8222;:&#8222;&#8222;,&#8222;letter_spacing&#8222;:&#8222;&#8222;,&#8222;text_transform&#8222;:&#8222;&#8222;}&#8220;]Das FALKIN-Team verf\u00fcgt \u00fcber langj\u00e4hrige Erfahrung in der Baubranche und konnte [&hellip;]","og_url":"https:\/\/falkin.nl\/de\/produkte\/bereich-werbung\/","og_site_name":"Falkin","article_modified_time":"2024-10-25T09:24:36+00:00","twitter_card":"summary_large_image","twitter_misc":{"Gesch\u00e4tzte Lesezeit":"7\u00a0Minuten"},"schema":{"@context":"https:\/\/schema.org","@graph":[{"@type":"WebPage","@id":"https:\/\/falkin.nl\/de\/produkte\/bereich-werbung\/","url":"https:\/\/falkin.nl\/de\/produkte\/bereich-werbung\/","name":"Bereich Werbung - Falkin","isPartOf":{"@id":"https:\/\/falkin.nl\/de\/#website"},"datePublished":"2024-06-25T09:01:57+00:00","dateModified":"2024-10-25T09:24:36+00:00","breadcrumb":{"@id":"https:\/\/falkin.nl\/de\/produkte\/bereich-werbung\/#breadcrumb"},"inLanguage":"de","potentialAction":[{"@type":"ReadAction","target":["https:\/\/falkin.nl\/de\/produkte\/bereich-werbung\/"]}]},{"@type":"BreadcrumbList","@id":"https:\/\/falkin.nl\/de\/produkte\/bereich-werbung\/#breadcrumb","itemListElement":[{"@type":"ListItem","position":1,"name":"Home","item":"https:\/\/falkin.nl\/de\/startseite\/"},{"@type":"ListItem","position":2,"name":"Produkte","item":"https:\/\/falkin.nl\/de\/produkte\/"},{"@type":"ListItem","position":3,"name":"Bereich Werbung"}]},{"@type":"WebSite","@id":"https:\/\/falkin.nl\/de\/#website","url":"https:\/\/falkin.nl\/de\/","name":"Falkin","description":"","potentialAction":[{"@type":"SearchAction","target":{"@type":"EntryPoint","urlTemplate":"https:\/\/falkin.nl\/de\/?s={search_term_string}"},"query-input":{"@type":"PropertyValueSpecification","valueRequired":true,"valueName":"search_term_string"}}],"inLanguage":"de"}]}},"_links":{"self":[{"href":"https:\/\/falkin.nl\/de\/wp-json\/wp\/v2\/pages\/2221","targetHints":{"allow":["GET"]}}],"collection":[{"href":"https:\/\/falkin.nl\/de\/wp-json\/wp\/v2\/pages"}],"about":[{"href":"https:\/\/falkin.nl\/de\/wp-json\/wp\/v2\/types\/page"}],"author":[{"embeddable":true,"href":"https:\/\/falkin.nl\/de\/wp-json\/wp\/v2\/users\/1"}],"replies":[{"embeddable":true,"href":"https:\/\/falkin.nl\/de\/wp-json\/wp\/v2\/comments?post=2221"}],"version-history":[{"count":10,"href":"https:\/\/falkin.nl\/de\/wp-json\/wp\/v2\/pages\/2221\/revisions"}],"predecessor-version":[{"id":2258,"href":"https:\/\/falkin.nl\/de\/wp-json\/wp\/v2\/pages\/2221\/revisions\/2258"}],"up":[{"embeddable":true,"href":"https:\/\/falkin.nl\/de\/wp-json\/wp\/v2\/pages\/2330"}],"wp:attachment":[{"href":"https:\/\/falkin.nl\/de\/wp-json\/wp\/v2\/media?parent=2221"}],"curies":[{"name":"wp","href":"https:\/\/api.w.org\/{rel}","templated":true}]}}