{"id":2255,"date":"2024-06-25T09:03:22","date_gmt":"2024-06-25T09:03:22","guid":{"rendered":"https:\/\/falkin.nl\/datenschutzbestimmungen\/"},"modified":"2024-10-26T07:14:47","modified_gmt":"2024-10-26T07:14:47","slug":"datenschutzbestimmungen","status":"publish","type":"page","link":"https:\/\/falkin.nl\/de\/datenschutzbestimmungen\/","title":{"rendered":"Datenschutzbestimmungen"},"content":{"rendered":"<div class=\"wpb-content-wrapper\"><p>[vc_row full_width_css=&#8220;stretch_row_content_no_spaces_css&#8220; full_width=&#8220;stretch_row_content_no_spaces&#8220; conditional_render=&#8220;%5B%7B%22value_role%22%3A%22administrator%22%7D%5D&#8220; css=&#8220;.vc_custom_1729926248521{margin-top: -50px !important;}&#8220;][vc_column][vc_empty_space height=&#8220;117px&#8220; css=&#8220;.vc_custom_1729926428966{background-color: var(&#8211;porto-dark-color) !important;}&#8220; el_class=&#8220;header-achtergrond&#8220;][\/vc_column][\/vc_row][vc_section full_width=&#8220;stretch_row&#8220; conditional_render=&#8220;%5B%7B%22value_role%22%3A%22administrator%22%7D%5D&#8220; css=&#8220;.vc_custom_1729926633624{margin-bottom: 0px !important;padding-top: 120px !important;padding-bottom: 100px !important;background-color: var(&#8211;porto-secondary-color) !important;}&#8220;][vc_row wrap_container=&#8220;yes&#8220; conditional_render=&#8220;%5B%7B%22value_role%22%3A%22administrator%22%7D%5D&#8220;][vc_column width=&#8220;1\/6&#8243;][\/vc_column][vc_column width=&#8220;2\/3&#8243;][vc_custom_heading text=&#8220;Datenschutzbestimmungen von FALKIN&#8220; font_container=&#8220;tag:h1|text_align:left|color:var(&#8211;porto-quaternary-color)&#8220; use_theme_fonts=&#8220;yes&#8220; css=&#8220;.vc_custom_1726734540493{margin-bottom: 25px !important;}&#8220; el_class=&#8220;header-title&#8220;][vc_column_text css=&#8220;&#8220; text_color=&#8220;var(&#8211;porto-dark-color)&#8220;]Bei FALKIN sch\u00e4tzen wir die Privatsph\u00e4re unserer Kunden und Besucher unserer Website. Diese Datenschutzrichtlinie beschreibt, wie wir pers\u00f6nliche Daten sammeln, verwenden, weitergeben und sch\u00fctzen. Indem Sie unsere Dienste und unsere Website nutzen, erkl\u00e4ren Sie sich mit den Bedingungen dieser Richtlinie einverstanden.  <\/p>\n<p><strong>Welche Informationen sammeln wir?<\/strong><\/p>\n<p>Wir k\u00f6nnen pers\u00f6nliche Daten wie Name, Adresse, E-Mail-Adresse, Telefonnummer, Firmenangaben und Zahlungsinformationen erfassen, wenn Sie Produkte bei uns bestellen, unseren Newsletter abonnieren oder uns \u00fcber unsere Website kontaktieren. Wir k\u00f6nnen auch automatisch erfasste Informationen erhalten, wie Ihre IP-Adresse, den Browsertyp, die Seiten, die Sie auf unserer Website besuchen, und die Zeit, die Sie auf unserer Website verbringen. <\/p>\n<p><strong>Wie verwenden wir diese Informationen?<\/strong><\/p>\n<p>Wir verwenden Ihre Informationen, um Ihre Bestellungen zu bearbeiten, Ihr Konto zu verwalten, Sie \u00fcber unsere Produkte und Dienstleistungen zu informieren, Ihre Fragen zu beantworten und unsere Website zu verbessern. Wir k\u00f6nnen Ihre Daten auch f\u00fcr Marketingzwecke verwenden, aber nur, wenn Sie zugestimmt haben. Sie k\u00f6nnen sich jederzeit von unseren Marketingmitteilungen abmelden.  <\/p>\n<p><strong>Wie sch\u00fctzen wir Ihre Daten?<\/strong><\/p>\n<p>Wir ergreifen geeignete Ma\u00dfnahmen, um Ihre pers\u00f6nlichen Daten vor Verlust, Missbrauch, unbefugtem Zugriff oder Offenlegung zu sch\u00fctzen. Wir verwenden sichere Technologien und beschr\u00e4nken den Zugriff auf Ihre Daten auf autorisiertes Personal. <\/p>\n<p><strong>Austausch von Informationen<\/strong><\/p>\n<p>Wir geben Ihre pers\u00f6nlichen Daten nur dann an Dritte weiter, wenn dies f\u00fcr die Erbringung unserer Dienstleistungen erforderlich ist, z. B. an Versandpartner, um Ihre Bestellung zu liefern. Wir verkaufen oder vermieten Ihre Daten nicht ohne Ihre Zustimmung an Dritte zu Marketingzwecken. <\/p>\n<p><strong>Cookies und \u00e4hnliche Technologien<\/strong><\/p>\n<p>Unsere Website kann Cookies und \u00e4hnliche Technologien verwenden, um Informationen zu sammeln und Ihr Erlebnis zu verbessern. Sie k\u00f6nnen diese Cookies in den Einstellungen Ihres Browsers verwalten oder deaktivieren. <\/p>\n<p><strong>Ihre Rechte<\/strong><\/p>\n<p>Sie haben das Recht, Ihre pers\u00f6nlichen Daten einzusehen, zu korrigieren, zu l\u00f6schen oder zu \u00fcbertragen. Bitte kontaktieren Sie uns, wenn Sie diese Rechte aus\u00fcben m\u00f6chten oder Fragen zu unserer Datenschutzpolitik haben. <\/p>\n<p><strong>\u00c4nderungen der Datenschutzbestimmungen<\/strong><\/p>\n<p>Wir k\u00f6nnen diese Datenschutzrichtlinie von Zeit zu Zeit aktualisieren. Bitte informieren Sie sich regelm\u00e4\u00dfig \u00fcber etwaige \u00c4nderungen. \u00c4nderungen treten in Kraft, sobald sie auf unserer Website ver\u00f6ffentlicht werden.  <\/p>\n<p><strong>Kontakt<\/strong><\/p>\n<p>Wenn Sie Fragen zu unseren Datenschutzrichtlinien oder -praktiken haben, kontaktieren Sie uns bitte unter info@falkin.nl.<\/p>\n<p>Letzte Aktualisierung: 19-09-2024[\/vc_column_text][\/vc_column][vc_column width=&#8220;1\/6&#8243;][\/vc_column][\/vc_row][\/vc_section]<\/p>\n<\/div>","protected":false},"excerpt":{"rendered":"<p>[vc_row full_width_css=&#8220;stretch_row_content_no_spaces_css&#8220; full_width=&#8220;stretch_row_content_no_spaces&#8220; conditional_render=&#8220;%5B%7B%22value_role%22%3A%22administrator%22%7D%5D&#8220; css=&#8220;.vc_custom_1729926248521{margin-top: -50px !important;}&#8220;][vc_column][vc_empty_space height=&#8220;117px&#8220; css=&#8220;.vc_custom_1729926428966{background-color: var(&#8211;porto-dark-color) !important;}&#8220; el_class=&#8220;header-achtergrond&#8220;][\/vc_column][\/vc_row][vc_section full_width=&#8220;stretch_row&#8220; conditional_render=&#8220;%5B%7B%22value_role%22%3A%22administrator%22%7D%5D&#8220; css=&#8220;.vc_custom_1729926633624{margin-bottom: 0px !important;padding-top: 120px !important;padding-bottom: 100px !important;background-color: var(&#8211;porto-secondary-color) !important;}&#8220;][vc_row wrap_container=&#8220;yes&#8220; conditional_render=&#8220;%5B%7B%22value_role%22%3A%22administrator%22%7D%5D&#8220;][vc_column width=&#8220;1\/6&#8243;][\/vc_column][vc_column width=&#8220;2\/3&#8243;][vc_custom_heading text=&#8220;Datenschutzbestimmungen von FALKIN&#8220; font_container=&#8220;tag:h1|text_align:left|color:var(&#8211;porto-quaternary-color)&#8220; use_theme_fonts=&#8220;yes&#8220; css=&#8220;.vc_custom_1726734540493{margin-bottom: 25px !important;}&#8220; el_class=&#8220;header-title&#8220;][vc_column_text css=&#8220;&#8220; text_color=&#8220;var(&#8211;porto-dark-color)&#8220;]Bei FALKIN sch\u00e4tzen wir die Privatsph\u00e4re unserer Kunden und Besucher unserer Website. Diese Datenschutzrichtlinie beschreibt, wie wir pers\u00f6nliche [&hellip;]<\/p>\n","protected":false},"author":1,"featured_media":0,"parent":0,"menu_order":0,"comment_status":"closed","ping_status":"closed","template":"","meta":{"footnotes":""},"class_list":["post-2255","page","type-page","status-publish","hentry"],"yoast_head":"<!-- This site is optimized with the Yoast SEO plugin v27.4 - https:\/\/yoast.com\/product\/yoast-seo-wordpress\/ -->\n<title>Datenschutzbestimmungen - Falkin<\/title>\n<meta name=\"robots\" content=\"index, follow, max-snippet:-1, max-image-preview:large, max-video-preview:-1\" \/>\n<link rel=\"canonical\" href=\"https:\/\/falkin.nl\/de\/datenschutzbestimmungen\/\" \/>\n<meta property=\"og:locale\" content=\"de_DE\" \/>\n<meta property=\"og:type\" content=\"article\" \/>\n<meta property=\"og:title\" content=\"Datenschutzbestimmungen - Falkin\" \/>\n<meta property=\"og:description\" content=\"[vc_row full_width_css=&#8220;stretch_row_content_no_spaces_css&#8220; full_width=&#8220;stretch_row_content_no_spaces&#8220; conditional_render=&#8220;%5B%7B%22value_role%22%3A%22administrator%22%7D%5D&#8220; css=&#8220;.vc_custom_1729926248521{margin-top: -50px !important;}&#8220;][vc_column][vc_empty_space height=&#8220;117px&#8220; css=&#8220;.vc_custom_1729926428966{background-color: var(&#8211;porto-dark-color) !important;}&#8220; el_class=&#8220;header-achtergrond&#8220;][\/vc_column][\/vc_row][vc_section full_width=&#8220;stretch_row&#8220; conditional_render=&#8220;%5B%7B%22value_role%22%3A%22administrator%22%7D%5D&#8220; css=&#8220;.vc_custom_1729926633624{margin-bottom: 0px !important;padding-top: 120px !important;padding-bottom: 100px !important;background-color: var(&#8211;porto-secondary-color) !important;}&#8220;][vc_row wrap_container=&#8220;yes&#8220; conditional_render=&#8220;%5B%7B%22value_role%22%3A%22administrator%22%7D%5D&#8220;][vc_column width=&#8220;1\/6&#8243;][\/vc_column][vc_column width=&#8220;2\/3&#8243;][vc_custom_heading text=&#8220;Datenschutzbestimmungen von FALKIN&#8220; font_container=&#8220;tag:h1|text_align:left|color:var(&#8211;porto-quaternary-color)&#8220; use_theme_fonts=&#8220;yes&#8220; css=&#8220;.vc_custom_1726734540493{margin-bottom: 25px !important;}&#8220; el_class=&#8220;header-title&#8220;][vc_column_text css=&#8220;&#8220; text_color=&#8220;var(&#8211;porto-dark-color)&#8220;]Bei FALKIN sch\u00e4tzen wir die Privatsph\u00e4re unserer Kunden und Besucher unserer Website. Diese Datenschutzrichtlinie beschreibt, wie wir pers\u00f6nliche [&hellip;]\" \/>\n<meta property=\"og:url\" content=\"https:\/\/falkin.nl\/de\/datenschutzbestimmungen\/\" \/>\n<meta property=\"og:site_name\" content=\"Falkin\" \/>\n<meta property=\"article:modified_time\" content=\"2024-10-26T07:14:47+00:00\" \/>\n<meta name=\"twitter:card\" content=\"summary_large_image\" \/>\n<meta name=\"twitter:label1\" content=\"Gesch\u00e4tzte Lesezeit\" \/>\n\t<meta name=\"twitter:data1\" content=\"3\u00a0Minuten\" \/>\n<script type=\"application\/ld+json\" class=\"yoast-schema-graph\">{\"@context\":\"https:\\\/\\\/schema.org\",\"@graph\":[{\"@type\":\"WebPage\",\"@id\":\"https:\\\/\\\/falkin.nl\\\/de\\\/datenschutzbestimmungen\\\/\",\"url\":\"https:\\\/\\\/falkin.nl\\\/de\\\/datenschutzbestimmungen\\\/\",\"name\":\"Datenschutzbestimmungen - Falkin\",\"isPartOf\":{\"@id\":\"https:\\\/\\\/falkin.nl\\\/de\\\/#website\"},\"datePublished\":\"2024-06-25T09:03:22+00:00\",\"dateModified\":\"2024-10-26T07:14:47+00:00\",\"breadcrumb\":{\"@id\":\"https:\\\/\\\/falkin.nl\\\/de\\\/datenschutzbestimmungen\\\/#breadcrumb\"},\"inLanguage\":\"de\",\"potentialAction\":[{\"@type\":\"ReadAction\",\"target\":[\"https:\\\/\\\/falkin.nl\\\/de\\\/datenschutzbestimmungen\\\/\"]}]},{\"@type\":\"BreadcrumbList\",\"@id\":\"https:\\\/\\\/falkin.nl\\\/de\\\/datenschutzbestimmungen\\\/#breadcrumb\",\"itemListElement\":[{\"@type\":\"ListItem\",\"position\":1,\"name\":\"Home\",\"item\":\"https:\\\/\\\/falkin.nl\\\/de\\\/startseite\\\/\"},{\"@type\":\"ListItem\",\"position\":2,\"name\":\"Datenschutzbestimmungen\"}]},{\"@type\":\"WebSite\",\"@id\":\"https:\\\/\\\/falkin.nl\\\/de\\\/#website\",\"url\":\"https:\\\/\\\/falkin.nl\\\/de\\\/\",\"name\":\"Falkin\",\"description\":\"\",\"potentialAction\":[{\"@type\":\"SearchAction\",\"target\":{\"@type\":\"EntryPoint\",\"urlTemplate\":\"https:\\\/\\\/falkin.nl\\\/de\\\/?s={search_term_string}\"},\"query-input\":{\"@type\":\"PropertyValueSpecification\",\"valueRequired\":true,\"valueName\":\"search_term_string\"}}],\"inLanguage\":\"de\"}]}<\/script>\n<!-- \/ Yoast SEO plugin. -->","yoast_head_json":{"title":"Datenschutzbestimmungen - Falkin","robots":{"index":"index","follow":"follow","max-snippet":"max-snippet:-1","max-image-preview":"max-image-preview:large","max-video-preview":"max-video-preview:-1"},"canonical":"https:\/\/falkin.nl\/de\/datenschutzbestimmungen\/","og_locale":"de_DE","og_type":"article","og_title":"Datenschutzbestimmungen - Falkin","og_description":"[vc_row full_width_css=&#8220;stretch_row_content_no_spaces_css&#8220; full_width=&#8220;stretch_row_content_no_spaces&#8220; conditional_render=&#8220;%5B%7B%22value_role%22%3A%22administrator%22%7D%5D&#8220; css=&#8220;.vc_custom_1729926248521{margin-top: -50px !important;}&#8220;][vc_column][vc_empty_space height=&#8220;117px&#8220; css=&#8220;.vc_custom_1729926428966{background-color: var(&#8211;porto-dark-color) !important;}&#8220; el_class=&#8220;header-achtergrond&#8220;][\/vc_column][\/vc_row][vc_section full_width=&#8220;stretch_row&#8220; conditional_render=&#8220;%5B%7B%22value_role%22%3A%22administrator%22%7D%5D&#8220; css=&#8220;.vc_custom_1729926633624{margin-bottom: 0px !important;padding-top: 120px !important;padding-bottom: 100px !important;background-color: var(&#8211;porto-secondary-color) !important;}&#8220;][vc_row wrap_container=&#8220;yes&#8220; conditional_render=&#8220;%5B%7B%22value_role%22%3A%22administrator%22%7D%5D&#8220;][vc_column width=&#8220;1\/6&#8243;][\/vc_column][vc_column width=&#8220;2\/3&#8243;][vc_custom_heading text=&#8220;Datenschutzbestimmungen von FALKIN&#8220; font_container=&#8220;tag:h1|text_align:left|color:var(&#8211;porto-quaternary-color)&#8220; use_theme_fonts=&#8220;yes&#8220; css=&#8220;.vc_custom_1726734540493{margin-bottom: 25px !important;}&#8220; el_class=&#8220;header-title&#8220;][vc_column_text css=&#8220;&#8220; text_color=&#8220;var(&#8211;porto-dark-color)&#8220;]Bei FALKIN sch\u00e4tzen wir die Privatsph\u00e4re unserer Kunden und Besucher unserer Website. Diese Datenschutzrichtlinie beschreibt, wie wir pers\u00f6nliche [&hellip;]","og_url":"https:\/\/falkin.nl\/de\/datenschutzbestimmungen\/","og_site_name":"Falkin","article_modified_time":"2024-10-26T07:14:47+00:00","twitter_card":"summary_large_image","twitter_misc":{"Gesch\u00e4tzte Lesezeit":"3\u00a0Minuten"},"schema":{"@context":"https:\/\/schema.org","@graph":[{"@type":"WebPage","@id":"https:\/\/falkin.nl\/de\/datenschutzbestimmungen\/","url":"https:\/\/falkin.nl\/de\/datenschutzbestimmungen\/","name":"Datenschutzbestimmungen - Falkin","isPartOf":{"@id":"https:\/\/falkin.nl\/de\/#website"},"datePublished":"2024-06-25T09:03:22+00:00","dateModified":"2024-10-26T07:14:47+00:00","breadcrumb":{"@id":"https:\/\/falkin.nl\/de\/datenschutzbestimmungen\/#breadcrumb"},"inLanguage":"de","potentialAction":[{"@type":"ReadAction","target":["https:\/\/falkin.nl\/de\/datenschutzbestimmungen\/"]}]},{"@type":"BreadcrumbList","@id":"https:\/\/falkin.nl\/de\/datenschutzbestimmungen\/#breadcrumb","itemListElement":[{"@type":"ListItem","position":1,"name":"Home","item":"https:\/\/falkin.nl\/de\/startseite\/"},{"@type":"ListItem","position":2,"name":"Datenschutzbestimmungen"}]},{"@type":"WebSite","@id":"https:\/\/falkin.nl\/de\/#website","url":"https:\/\/falkin.nl\/de\/","name":"Falkin","description":"","potentialAction":[{"@type":"SearchAction","target":{"@type":"EntryPoint","urlTemplate":"https:\/\/falkin.nl\/de\/?s={search_term_string}"},"query-input":{"@type":"PropertyValueSpecification","valueRequired":true,"valueName":"search_term_string"}}],"inLanguage":"de"}]}},"_links":{"self":[{"href":"https:\/\/falkin.nl\/de\/wp-json\/wp\/v2\/pages\/2255","targetHints":{"allow":["GET"]}}],"collection":[{"href":"https:\/\/falkin.nl\/de\/wp-json\/wp\/v2\/pages"}],"about":[{"href":"https:\/\/falkin.nl\/de\/wp-json\/wp\/v2\/types\/page"}],"author":[{"embeddable":true,"href":"https:\/\/falkin.nl\/de\/wp-json\/wp\/v2\/users\/1"}],"replies":[{"embeddable":true,"href":"https:\/\/falkin.nl\/de\/wp-json\/wp\/v2\/comments?post=2255"}],"version-history":[{"count":6,"href":"https:\/\/falkin.nl\/de\/wp-json\/wp\/v2\/pages\/2255\/revisions"}],"predecessor-version":[{"id":2502,"href":"https:\/\/falkin.nl\/de\/wp-json\/wp\/v2\/pages\/2255\/revisions\/2502"}],"wp:attachment":[{"href":"https:\/\/falkin.nl\/de\/wp-json\/wp\/v2\/media?parent=2255"}],"curies":[{"name":"wp","href":"https:\/\/api.w.org\/{rel}","templated":true}]}}