{"id":2330,"date":"2024-06-25T07:01:20","date_gmt":"2024-06-25T07:01:20","guid":{"rendered":"https:\/\/falkin.nl\/produkte\/"},"modified":"2024-10-25T09:24:37","modified_gmt":"2024-10-25T09:24:37","slug":"produkte","status":"publish","type":"page","link":"https:\/\/falkin.nl\/de\/produkte\/","title":{"rendered":"Produkte"},"content":{"rendered":"<div class=\"wpb-content-wrapper\"><p>[vc_section full_width=&#8220;stretch_row&#8220; el_class=&#8220;blue-gradient&#8220; conditional_render=&#8220;%5B%7B%22value_role%22%3A%22administrator%22%7D%5D&#8220; css=&#8220;.vc_custom_1719585230133{margin-top: -50px !important;margin-bottom: 0px !important;padding-top: 250px !important;padding-right: 30px !important;padding-bottom: 100px !important;padding-left: 30px !important;}&#8220;][vc_row wrap_container=&#8220;yes&#8220; conditional_render=&#8220;%5B%7B%22value_role%22%3A%22administrator%22%7D%5D&#8220;][vc_column width=&#8220;1\/6&#8243;][\/vc_column][vc_column width=&#8220;1\/2&#8243; conditional_render=&#8220;%5B%7B%22value_role%22%3A%22administrator%22%7D%5D&#8220;][vc_custom_heading text=&#8220;<br \/> Keine Sorge, wir helfen Ihnen von A bis Z&#8220; font_container=&#8220;tag:h1|text_align:left|color:var(&#8211;porto-tertiary-color)&#8220; use_theme_fonts=&#8220;yes&#8220; css=&#8220;.vc_custom_1719474411129{margin-bottom: 25px !important;}&#8220; el_class=&#8220;header-title&#8220;][vc_column_text css=&#8220;&#8220; text_color=&#8220;var(&#8211;porto-light-color)&#8220;]Mit uns haben Sie die M\u00f6glichkeit, Ihr Unternehmen auf clevere Weise so erkennbar wie m\u00f6glich zu machen. Wir denken gerne mit Ihnen mit, um den passenden Look zu finden, der f\u00fcr jeden erkennbar sein sollte.[\/vc_column_text][\/vc_column][vc_column width=&#8220;1\/6&#8243;][\/vc_column][\/vc_row][\/vc_section][vc_row full_width_css=&#8220;stretch_row_content_no_spaces_css&#8220; full_width=&#8220;stretch_row_content_no_spaces&#8220; css=&#8220;.vc_custom_1719487025522{margin-top: 0px !important;margin-right: 0px !important;margin-bottom: 0px !important;margin-left: 0px !important;padding-top: 0px !important;padding-right: 0px !important;padding-bottom: 0px !important;padding-left: 0px !important;background-color: var(&#8211;porto-secondary-color) !important;}&#8220; conditional_render=&#8220;%5B%7B%22value_role%22%3A%22administrator%22%7D%5D&#8220;][vc_column css=&#8220;.vc_custom_1719318870498{margin-top: 0px !important;margin-right: 0px !important;margin-bottom: 0px !important;margin-left: 0px !important;padding-top: 0px !important;padding-right: 0px !important;padding-bottom: 0px !important;padding-left: 0px !important;}&#8220; conditional_render=&#8220;%5B%7B%22value_role%22%3A%22administrator%22%7D%5D&#8220;]<div class=\"porto-carousel owl-carousel has-ccols ccols-xl-3 ccols-lg-3 ccols-md-3 ccols-sm-2 ccols-1 wpb_custom_2c1c45c292526ccd71e4170c056d3ae0\" data-plugin-options=\"{&quot;themeConfig&quot;:true,&quot;stagePadding&quot;:0,&quot;margin&quot;:0,&quot;autoplay&quot;:&quot;yes&quot;,&quot;mouseDrag&quot;:false,&quot;touchDrag&quot;:false,&quot;autoplayTimeout&quot;:5000,&quot;autoplayHoverPause&quot;:false,&quot;items&quot;:3,&quot;xl&quot;:3,&quot;lg&quot;:3,&quot;md&quot;:3,&quot;sm&quot;:2,&quot;xs&quot;:1,&quot;nav&quot;:false,&quot;dots&quot;:false,&quot;animateIn&quot;:&quot;&quot;,&quot;animateOut&quot;:&quot;&quot;,&quot;loop&quot;:&quot;yes&quot;,&quot;center&quot;:&quot;yes&quot;,&quot;video&quot;:false,&quot;lazyLoad&quot;:false,&quot;fullscreen&quot;:false}\">[vc_single_image image=&#8220;1481&#8243; img_size=&#8220;full&#8220; css=&#8220;&#8220; label=&#8220;&#8220;][vc_single_image image=&#8220;494&#8243; img_size=&#8220;full&#8220; css=&#8220;&#8220;][vc_single_image image=&#8220;1189&#8243; img_size=&#8220;full&#8220; css=&#8220;&#8220;][vc_single_image image=&#8220;1151&#8243; img_size=&#8220;full&#8220; css=&#8220;&#8220;][vc_single_image image=&#8220;498&#8243; img_size=&#8220;full&#8220; css=&#8220;&#8220;][vc_single_image image=&#8220;1440&#8243; img_size=&#8220;full&#8220; css=&#8220;&#8220; label=&#8220;&#8220;][vc_single_image image=&#8220;1485&#8243; img_size=&#8220;full&#8220; css=&#8220;&#8220; label=&#8220;&#8220;]<\/div>[\/vc_column][\/vc_row][vc_section full_width=&#8220;stretch_row&#8220; css=&#8220;.vc_custom_1719658084891{margin-top: 0px !important;padding-top: 25px !important;padding-right: 30px !important;padding-bottom: 25px !important;padding-left: 30px !important;background-color: var(&#8211;porto-secondary-color) !important;}&#8220; conditional_render=&#8220;%5B%7B%22value_role%22%3A%22administrator%22%7D%5D&#8220;][vc_row wrap_container=&#8220;yes&#8220; equal_height=&#8220;yes&#8220; content_placement=&#8220;middle&#8220; conditional_render=&#8220;%5B%7B%22value_role%22%3A%22administrator%22%7D%5D&#8220; css=&#8220;.vc_custom_1719658053086{border-bottom-width: 1px !important;padding-top: 50px !important;padding-bottom: 50px !important;border-bottom-style: solid !important;border-color: #c3ddee !important;}&#8220;][vc_column width=&#8220;5\/12&#8243; conditional_render=&#8220;%5B%7B%22value_role%22%3A%22administrator%22%7D%5D&#8220; el_class=&#8220;product-afbeelding&#8220;][vc_single_image image=&#8220;1479&#8243; img_size=&#8220;full&#8220; css=&#8220;.vc_custom_1726755085497{margin-bottom: 0px !important;}&#8220; label=&#8220;&#8220;][\/vc_column][vc_column width=&#8220;1\/12&#8243; conditional_render=&#8220;%5B%7B%22value_role%22%3A%22administrator%22%7D%5D&#8220;][\/vc_column][vc_column width=&#8220;1\/2&#8243; text_align=&#8220;left&#8220; conditional_render=&#8220;%5B%7B%22value_role%22%3A%22administrator%22%7D%5D&#8220;]<div class=\"porto-u-heading  wpb_custom_95aa9a11c17ad45cfabaf210d84ee7cc porto-u-2322 \"><div class=\"porto-u-main-heading\"><h3   style=\"color:var(--porto-quaternary-color);margin-bottom: 15px;\">Banner<\/h3><\/div><div class=\"porto-u-sub-heading\" style=\"color: var(--porto-quaternary-color);margin-bottom:15px;\">Banner sind von weitem sichtbar, sowohl an Fassaden als auch im Au\u00dfenbereich. So kommen die Farben und Buchstaben Ihres Logos oder Ihrer Botschaft besonders gut zur Geltung.<\/div><style>.porto-u-2322.porto-u-heading{text-align:left}<\/style><\/div>[vc_btn title=&#8220;Mehr Informationen&#8220; shape=&#8220;round&#8220; color=&#8220;white&#8220; size=&#8220;lg&#8220; css=&#8220;.vc_custom_1719589712445{margin-bottom: 15px !important;}&#8220; btn_fs=&#8220;14&#8243; btn_fw=&#8220;400&#8243; link=&#8220;url:https%3A%2F%2Ffalkin.nl%2Fproducten%2Fspandoeken%2F|title:Banner|&#8220; btn_px=&#8220;25px&#8220; btn_py=&#8220;12px&#8220;][\/vc_column][\/vc_row][vc_row wrap_container=&#8220;yes&#8220; equal_height=&#8220;yes&#8220; content_placement=&#8220;middle&#8220; conditional_render=&#8220;%5B%7B%22value_role%22%3A%22administrator%22%7D%5D&#8220; css=&#8220;.vc_custom_1719581656403{border-bottom-width: 1px !important;padding-top: 50px !important;padding-bottom: 50px !important;border-bottom-style: solid !important;border-color: #c3ddee !important;}&#8220;][vc_column width=&#8220;5\/12&#8243; conditional_render=&#8220;%5B%7B%22value_role%22%3A%22administrator%22%7D%5D&#8220; el_class=&#8220;product-afbeelding&#8220;][vc_single_image image=&#8220;1532&#8243; img_size=&#8220;full&#8220; css=&#8220;.vc_custom_1726755098638{margin-bottom: 0px !important;}&#8220; label=&#8220;&#8220;][\/vc_column][vc_column width=&#8220;1\/12&#8243; conditional_render=&#8220;%5B%7B%22value_role%22%3A%22administrator%22%7D%5D&#8220;][\/vc_column][vc_column width=&#8220;1\/2&#8243; text_align=&#8220;left&#8220; conditional_render=&#8220;%5B%7B%22value_role%22%3A%22administrator%22%7D%5D&#8220;]<div class=\"porto-u-heading  wpb_custom_95aa9a11c17ad45cfabaf210d84ee7cc porto-u-9511 \"><div class=\"porto-u-main-heading\"><h3   style=\"color:var(--porto-quaternary-color);margin-bottom: 15px;\">Flaggen<\/h3><\/div><div class=\"porto-u-sub-heading\" style=\"color: var(--porto-quaternary-color);margin-bottom:15px;\">Flaggen sind leistungsstarke Marketinginstrumente, die Aufmerksamkeit erregen und die Sichtbarkeit Ihrer Marke erh\u00f6hen. Flaggen sind in verschiedenen Gr\u00f6\u00dfen und Designs erh\u00e4ltlich, was sie flexibel f\u00fcr verschiedene Marketingzwecke macht, sowohl im Innen- als auch im Au\u00dfenbereich.<\/div><style>.porto-u-9511.porto-u-heading{text-align:left}<\/style><\/div>[vc_btn title=&#8220;Mehr Informationen&#8220; shape=&#8220;round&#8220; color=&#8220;white&#8220; size=&#8220;lg&#8220; css=&#8220;.vc_custom_1719582138622{margin-bottom: 15px !important;}&#8220; btn_fs=&#8220;14&#8243; btn_fw=&#8220;400&#8243; link=&#8220;url:https%3A%2F%2Ffalkin.nl%2Fproducten%2Fvlaggen%2F|title:Flaggen|&#8220; btn_px=&#8220;25px&#8220; btn_py=&#8220;12px&#8220;][\/vc_column][\/vc_row][vc_row wrap_container=&#8220;yes&#8220; equal_height=&#8220;yes&#8220; content_placement=&#8220;middle&#8220; conditional_render=&#8220;%5B%7B%22value_role%22%3A%22administrator%22%7D%5D&#8220; css=&#8220;.vc_custom_1719581668760{border-bottom-width: 1px !important;padding-top: 50px !important;padding-bottom: 50px !important;border-bottom-style: solid !important;border-color: #c3ddee !important;}&#8220;][vc_column width=&#8220;5\/12&#8243; conditional_render=&#8220;%5B%7B%22value_role%22%3A%22administrator%22%7D%5D&#8220; el_class=&#8220;product-afbeelding&#8220;][vc_single_image image=&#8220;1486&#8243; img_size=&#8220;full&#8220; css=&#8220;.vc_custom_1726755108865{margin-bottom: 0px !important;}&#8220; label=&#8220;&#8220;][\/vc_column][vc_column width=&#8220;1\/12&#8243; conditional_render=&#8220;%5B%7B%22value_role%22%3A%22administrator%22%7D%5D&#8220;][\/vc_column][vc_column width=&#8220;1\/2&#8243; text_align=&#8220;left&#8220; conditional_render=&#8220;%5B%7B%22value_role%22%3A%22administrator%22%7D%5D&#8220;]<div class=\"porto-u-heading  wpb_custom_95aa9a11c17ad45cfabaf210d84ee7cc porto-u-5380 \"><div class=\"porto-u-main-heading\"><h3   style=\"color:var(--porto-quaternary-color);margin-bottom: 15px;\">Schilder<\/h3><\/div><div class=\"porto-u-sub-heading\" style=\"color: var(--porto-quaternary-color);margin-bottom:15px;\">Schilder in allen Formen und Gr\u00f6\u00dfen f\u00fcr die Werbung und das Sponsoring Ihres Vereins bis hin zu Schildern auf und an Baustellen und Freizeitparks.<\/div><style>.porto-u-5380.porto-u-heading{text-align:left}<\/style><\/div>[vc_btn title=&#8220;Mehr Informationen&#8220; shape=&#8220;round&#8220; color=&#8220;white&#8220; size=&#8220;lg&#8220; css=&#8220;.vc_custom_1719492656839{margin-bottom: 15px !important;}&#8220; btn_fs=&#8220;14&#8243; btn_fw=&#8220;400&#8243; link=&#8220;url:https%3A%2F%2Ffalkin.nl%2Fde%2Fschilder%2F|title:Zeichen|&#8220; btn_px=&#8220;25px&#8220; btn_py=&#8220;12px&#8220;][\/vc_column][\/vc_row][vc_row wrap_container=&#8220;yes&#8220; equal_height=&#8220;yes&#8220; content_placement=&#8220;middle&#8220; conditional_render=&#8220;%5B%7B%22value_role%22%3A%22administrator%22%7D%5D&#8220; css=&#8220;.vc_custom_1719658061749{padding-top: 50px !important;padding-bottom: 50px !important;border-color: #c3ddee !important;}&#8220;][vc_column width=&#8220;5\/12&#8243; conditional_render=&#8220;%5B%7B%22value_role%22%3A%22administrator%22%7D%5D&#8220; el_class=&#8220;product-afbeelding&#8220;][vc_single_image image=&#8220;1424&#8243; img_size=&#8220;full&#8220; css=&#8220;.vc_custom_1726755120251{margin-bottom: 0px !important;}&#8220; label=&#8220;&#8220;][\/vc_column][vc_column width=&#8220;1\/12&#8243; conditional_render=&#8220;%5B%7B%22value_role%22%3A%22administrator%22%7D%5D&#8220;][\/vc_column][vc_column width=&#8220;1\/2&#8243; text_align=&#8220;left&#8220; conditional_render=&#8220;%5B%7B%22value_role%22%3A%22administrator%22%7D%5D&#8220;]<div class=\"porto-u-heading  wpb_custom_95aa9a11c17ad45cfabaf210d84ee7cc porto-u-2603 \"><div class=\"porto-u-main-heading\"><h3   style=\"color:var(--porto-quaternary-color);margin-bottom: 15px;\">Werbematerial<\/h3><\/div><div class=\"porto-u-sub-heading\" style=\"color: var(--porto-quaternary-color);margin-bottom:15px;\">\n<div class=\"wpb_text_column wpb_content_element \">\n<div class=\"wpb_wrapper\">\n<p>Werbematerialien k\u00f6nnen ein wirksames Mittel sein, um die Aufmerksamkeit der Menschen zu erregen. Kaffeebecher, bedrucktes Klebeband und Reinigungsmatten mit Ihrem Logo sind eine gute Wahl, um auf Ihre Marke aufmerksam zu machen. <\/p><\/div>\n<\/div>\n<p><\/div><style>.porto-u-2603.porto-u-heading{text-align:left}<\/style><\/div>[vc_btn title=&#8220;Mehr Informationen&#8220; shape=&#8220;round&#8220; color=&#8220;white&#8220; size=&#8220;lg&#8220; css=&#8220;.vc_custom_1719492689179{margin-bottom: 15px !important;}&#8220; btn_fs=&#8220;14&#8243; btn_fw=&#8220;400&#8243; link=&#8220;url:https%3A%2F%2Ffalkin.nl%2Fde%2Fwerbung%2F|title:Werbung|&#8220; btn_px=&#8220;25px&#8220; btn_py=&#8220;12px&#8220;][\/vc_column][\/vc_row][\/vc_section][vc_section full_width=&#8220;stretch_row&#8220; conditional_render=&#8220;%5B%7B%22value_role%22%3A%22administrator%22%7D%5D&#8220; el_class=&#8220;blue-gradient&#8220; css=&#8220;.vc_custom_1719585210696{margin-bottom: -50px !important;padding-top: 125px !important;padding-right: 30px !important;padding-bottom: 125px !important;padding-left: 30px !important;}&#8220;][vc_row full_width_css=&#8220;stretch_row_css&#8220; wrap_container=&#8220;yes&#8220; conditional_render=&#8220;%5B%7B%22value_role%22%3A%22administrator%22%7D%5D&#8220;][vc_column][vc_custom_heading text=&#8220;Nicht gefunden, was Sie suchen? Wir denken gerne mit Ihnen mit &#8220; font_container=&#8220;tag:h3|text_align:center|color:var(&#8211;porto-light-color)&#8220; use_theme_fonts=&#8220;yes&#8220; css=&#8220;&#8220;][vc_column_text css=&#8220;&#8220; text_color=&#8220;var(&#8211;porto-light-color)&#8220;]<\/p>\n<p style=\"text-align: center;\">Wir w\u00fcrden uns gerne mit Ihnen in Verbindung setzen, um Ihre Anforderungen zu besprechen.<\/p>\n<p>[\/vc_column_text][vc_btn title=&#8220;Kontakt aufnehmen&#8220; shape=&#8220;round&#8220; color=&#8220;white&#8220; size=&#8220;lg&#8220; align=&#8220;center&#8220; css=&#8220;.vc_custom_1719492202280{margin-bottom: 15px !important;}&#8220; btn_fs=&#8220;14&#8243; btn_fw=&#8220;400&#8243; link=&#8220;url:https%3A%2F%2Ffalkin.nl%2Fde%2Fkontakt%2F|title:Bereich%20Werbung|&#8220; btn_px=&#8220;25px&#8220; btn_py=&#8220;15px&#8220;][\/vc_column][\/vc_row][\/vc_section]<\/p>\n<\/div>","protected":false},"excerpt":{"rendered":"<p>[vc_section full_width=&#8220;stretch_row&#8220; el_class=&#8220;blue-gradient&#8220; conditional_render=&#8220;%5B%7B%22value_role%22%3A%22administrator%22%7D%5D&#8220; css=&#8220;.vc_custom_1719585230133{margin-top: -50px !important;margin-bottom: 0px !important;padding-top: 250px !important;padding-right: 30px !important;padding-bottom: 100px !important;padding-left: 30px !important;}&#8220;][vc_row wrap_container=&#8220;yes&#8220; conditional_render=&#8220;%5B%7B%22value_role%22%3A%22administrator%22%7D%5D&#8220;][vc_column width=&#8220;1\/6&#8243;][\/vc_column][vc_column width=&#8220;1\/2&#8243; conditional_render=&#8220;%5B%7B%22value_role%22%3A%22administrator%22%7D%5D&#8220;][vc_custom_heading text=&#8220; Keine Sorge, wir helfen Ihnen von A bis Z&#8220; font_container=&#8220;tag:h1|text_align:left|color:var(&#8211;porto-tertiary-color)&#8220; use_theme_fonts=&#8220;yes&#8220; css=&#8220;.vc_custom_1719474411129{margin-bottom: 25px !important;}&#8220; el_class=&#8220;header-title&#8220;][vc_column_text css=&#8220;&#8220; text_color=&#8220;var(&#8211;porto-light-color)&#8220;]Mit uns haben Sie die M\u00f6glichkeit, Ihr Unternehmen auf clevere Weise so erkennbar wie m\u00f6glich zu [&hellip;]<\/p>\n","protected":false},"author":1,"featured_media":0,"parent":0,"menu_order":0,"comment_status":"closed","ping_status":"closed","template":"","meta":{"footnotes":""},"class_list":["post-2330","page","type-page","status-publish","hentry"],"yoast_head":"<!-- This site is optimized with the Yoast SEO plugin v27.4 - https:\/\/yoast.com\/product\/yoast-seo-wordpress\/ -->\n<title>Produkte - Falkin<\/title>\n<meta name=\"robots\" content=\"index, follow, max-snippet:-1, max-image-preview:large, max-video-preview:-1\" \/>\n<link rel=\"canonical\" href=\"https:\/\/falkin.nl\/de\/produkte\/\" \/>\n<meta property=\"og:locale\" content=\"de_DE\" \/>\n<meta property=\"og:type\" content=\"article\" \/>\n<meta property=\"og:title\" content=\"Produkte - Falkin\" \/>\n<meta property=\"og:description\" content=\"[vc_section full_width=&#8220;stretch_row&#8220; el_class=&#8220;blue-gradient&#8220; conditional_render=&#8220;%5B%7B%22value_role%22%3A%22administrator%22%7D%5D&#8220; css=&#8220;.vc_custom_1719585230133{margin-top: -50px !important;margin-bottom: 0px !important;padding-top: 250px !important;padding-right: 30px !important;padding-bottom: 100px !important;padding-left: 30px !important;}&#8220;][vc_row wrap_container=&#8220;yes&#8220; conditional_render=&#8220;%5B%7B%22value_role%22%3A%22administrator%22%7D%5D&#8220;][vc_column width=&#8220;1\/6&#8243;][\/vc_column][vc_column width=&#8220;1\/2&#8243; conditional_render=&#8220;%5B%7B%22value_role%22%3A%22administrator%22%7D%5D&#8220;][vc_custom_heading text=&#8220; Keine Sorge, wir helfen Ihnen von A bis Z&#8220; font_container=&#8220;tag:h1|text_align:left|color:var(&#8211;porto-tertiary-color)&#8220; use_theme_fonts=&#8220;yes&#8220; css=&#8220;.vc_custom_1719474411129{margin-bottom: 25px !important;}&#8220; el_class=&#8220;header-title&#8220;][vc_column_text css=&#8220;&#8220; text_color=&#8220;var(&#8211;porto-light-color)&#8220;]Mit uns haben Sie die M\u00f6glichkeit, Ihr Unternehmen auf clevere Weise so erkennbar wie m\u00f6glich zu [&hellip;]\" \/>\n<meta property=\"og:url\" content=\"https:\/\/falkin.nl\/de\/produkte\/\" \/>\n<meta property=\"og:site_name\" content=\"Falkin\" \/>\n<meta property=\"article:modified_time\" content=\"2024-10-25T09:24:37+00:00\" \/>\n<meta name=\"twitter:card\" content=\"summary_large_image\" \/>\n<meta name=\"twitter:label1\" content=\"Gesch\u00e4tzte Lesezeit\" \/>\n\t<meta name=\"twitter:data1\" content=\"7\u00a0Minuten\" \/>\n<script type=\"application\/ld+json\" class=\"yoast-schema-graph\">{\"@context\":\"https:\\\/\\\/schema.org\",\"@graph\":[{\"@type\":\"WebPage\",\"@id\":\"https:\\\/\\\/falkin.nl\\\/de\\\/produkte\\\/\",\"url\":\"https:\\\/\\\/falkin.nl\\\/de\\\/produkte\\\/\",\"name\":\"Produkte - Falkin\",\"isPartOf\":{\"@id\":\"https:\\\/\\\/falkin.nl\\\/de\\\/#website\"},\"datePublished\":\"2024-06-25T07:01:20+00:00\",\"dateModified\":\"2024-10-25T09:24:37+00:00\",\"breadcrumb\":{\"@id\":\"https:\\\/\\\/falkin.nl\\\/de\\\/produkte\\\/#breadcrumb\"},\"inLanguage\":\"de\",\"potentialAction\":[{\"@type\":\"ReadAction\",\"target\":[\"https:\\\/\\\/falkin.nl\\\/de\\\/produkte\\\/\"]}]},{\"@type\":\"BreadcrumbList\",\"@id\":\"https:\\\/\\\/falkin.nl\\\/de\\\/produkte\\\/#breadcrumb\",\"itemListElement\":[{\"@type\":\"ListItem\",\"position\":1,\"name\":\"Home\",\"item\":\"https:\\\/\\\/falkin.nl\\\/de\\\/startseite\\\/\"},{\"@type\":\"ListItem\",\"position\":2,\"name\":\"Produkte\"}]},{\"@type\":\"WebSite\",\"@id\":\"https:\\\/\\\/falkin.nl\\\/de\\\/#website\",\"url\":\"https:\\\/\\\/falkin.nl\\\/de\\\/\",\"name\":\"Falkin\",\"description\":\"\",\"potentialAction\":[{\"@type\":\"SearchAction\",\"target\":{\"@type\":\"EntryPoint\",\"urlTemplate\":\"https:\\\/\\\/falkin.nl\\\/de\\\/?s={search_term_string}\"},\"query-input\":{\"@type\":\"PropertyValueSpecification\",\"valueRequired\":true,\"valueName\":\"search_term_string\"}}],\"inLanguage\":\"de\"}]}<\/script>\n<!-- \/ Yoast SEO plugin. -->","yoast_head_json":{"title":"Produkte - Falkin","robots":{"index":"index","follow":"follow","max-snippet":"max-snippet:-1","max-image-preview":"max-image-preview:large","max-video-preview":"max-video-preview:-1"},"canonical":"https:\/\/falkin.nl\/de\/produkte\/","og_locale":"de_DE","og_type":"article","og_title":"Produkte - Falkin","og_description":"[vc_section full_width=&#8220;stretch_row&#8220; el_class=&#8220;blue-gradient&#8220; conditional_render=&#8220;%5B%7B%22value_role%22%3A%22administrator%22%7D%5D&#8220; css=&#8220;.vc_custom_1719585230133{margin-top: -50px !important;margin-bottom: 0px !important;padding-top: 250px !important;padding-right: 30px !important;padding-bottom: 100px !important;padding-left: 30px !important;}&#8220;][vc_row wrap_container=&#8220;yes&#8220; conditional_render=&#8220;%5B%7B%22value_role%22%3A%22administrator%22%7D%5D&#8220;][vc_column width=&#8220;1\/6&#8243;][\/vc_column][vc_column width=&#8220;1\/2&#8243; conditional_render=&#8220;%5B%7B%22value_role%22%3A%22administrator%22%7D%5D&#8220;][vc_custom_heading text=&#8220; Keine Sorge, wir helfen Ihnen von A bis Z&#8220; font_container=&#8220;tag:h1|text_align:left|color:var(&#8211;porto-tertiary-color)&#8220; use_theme_fonts=&#8220;yes&#8220; css=&#8220;.vc_custom_1719474411129{margin-bottom: 25px !important;}&#8220; el_class=&#8220;header-title&#8220;][vc_column_text css=&#8220;&#8220; text_color=&#8220;var(&#8211;porto-light-color)&#8220;]Mit uns haben Sie die M\u00f6glichkeit, Ihr Unternehmen auf clevere Weise so erkennbar wie m\u00f6glich zu [&hellip;]","og_url":"https:\/\/falkin.nl\/de\/produkte\/","og_site_name":"Falkin","article_modified_time":"2024-10-25T09:24:37+00:00","twitter_card":"summary_large_image","twitter_misc":{"Gesch\u00e4tzte Lesezeit":"7\u00a0Minuten"},"schema":{"@context":"https:\/\/schema.org","@graph":[{"@type":"WebPage","@id":"https:\/\/falkin.nl\/de\/produkte\/","url":"https:\/\/falkin.nl\/de\/produkte\/","name":"Produkte - Falkin","isPartOf":{"@id":"https:\/\/falkin.nl\/de\/#website"},"datePublished":"2024-06-25T07:01:20+00:00","dateModified":"2024-10-25T09:24:37+00:00","breadcrumb":{"@id":"https:\/\/falkin.nl\/de\/produkte\/#breadcrumb"},"inLanguage":"de","potentialAction":[{"@type":"ReadAction","target":["https:\/\/falkin.nl\/de\/produkte\/"]}]},{"@type":"BreadcrumbList","@id":"https:\/\/falkin.nl\/de\/produkte\/#breadcrumb","itemListElement":[{"@type":"ListItem","position":1,"name":"Home","item":"https:\/\/falkin.nl\/de\/startseite\/"},{"@type":"ListItem","position":2,"name":"Produkte"}]},{"@type":"WebSite","@id":"https:\/\/falkin.nl\/de\/#website","url":"https:\/\/falkin.nl\/de\/","name":"Falkin","description":"","potentialAction":[{"@type":"SearchAction","target":{"@type":"EntryPoint","urlTemplate":"https:\/\/falkin.nl\/de\/?s={search_term_string}"},"query-input":{"@type":"PropertyValueSpecification","valueRequired":true,"valueName":"search_term_string"}}],"inLanguage":"de"}]}},"_links":{"self":[{"href":"https:\/\/falkin.nl\/de\/wp-json\/wp\/v2\/pages\/2330","targetHints":{"allow":["GET"]}}],"collection":[{"href":"https:\/\/falkin.nl\/de\/wp-json\/wp\/v2\/pages"}],"about":[{"href":"https:\/\/falkin.nl\/de\/wp-json\/wp\/v2\/types\/page"}],"author":[{"embeddable":true,"href":"https:\/\/falkin.nl\/de\/wp-json\/wp\/v2\/users\/1"}],"replies":[{"embeddable":true,"href":"https:\/\/falkin.nl\/de\/wp-json\/wp\/v2\/comments?post=2330"}],"version-history":[{"count":1,"href":"https:\/\/falkin.nl\/de\/wp-json\/wp\/v2\/pages\/2330\/revisions"}],"predecessor-version":[{"id":2337,"href":"https:\/\/falkin.nl\/de\/wp-json\/wp\/v2\/pages\/2330\/revisions\/2337"}],"wp:attachment":[{"href":"https:\/\/falkin.nl\/de\/wp-json\/wp\/v2\/media?parent=2330"}],"curies":[{"name":"wp","href":"https:\/\/api.w.org\/{rel}","templated":true}]}}